{"id":89,"date":"2014-05-27T18:05:37","date_gmt":"2014-05-27T16:05:37","guid":{"rendered":"http:\/\/www.fsv1864amstetten.at\/?page_id=89"},"modified":"2014-06-16T09:12:53","modified_gmt":"2014-06-16T07:12:53","slug":"unser-verein","status":"publish","type":"page","link":"http:\/\/www.fsv1864amstetten.at\/?page_id=89","title":{"rendered":"Verein"},"content":{"rendered":"<p>Der Feuersch\u00fctzenverein betreibt sportliches Schie\u00dfen in den verschiedensten Disziplinen. Besonderes Augenmerk gilt den Diziplinen SGKP (Sportliches Gro\u00dfkaliberschie\u00dfen), CAS (Cowboy Action Shooting), IPSC (Dynamisches Bewegungsschie\u00dfen nach den Regeln der International Practical Shooting Confederation) und verschiedensten olympischen Disziplinen (Kleinkaliberdisziplinen nach ISSF).<\/p>\n<p>&nbsp;<\/p>\n<p><a href=\"http:\/\/www.fsv1864amstetten.at\/?page_id=4\">Hier<\/a> geht es zum Sch\u00fctzenrat<\/p>\n<p><a href=\"http:\/\/www.fsv1864amstetten.at\/?page_id=91\">Hier<\/a> geht es zur Sportanlage<\/p>\n<p><a href=\"http:\/\/www.fsv1864amstetten.at\/?page_id=93\">Hier<\/a> geht es zur Vereinsgeschichte<\/p>\n<p><a href=\"http:\/\/www.fsv1864amstetten.at\/?page_id=488\">Hier<\/a> geht es zu den Geb\u00fchren<\/p>\n","protected":false},"excerpt":{"rendered":"<p>Der Feuersch\u00fctzenverein betreibt sportliches Schie\u00dfen in den verschiedensten Disziplinen. Besonderes Augenmerk gilt den Diziplinen SGKP (Sportliches Gro\u00dfkaliberschie\u00dfen), CAS (Cowboy Action Shooting), IPSC (Dynamisches Bewegungsschie\u00dfen nach den Regeln der International Practical Shooting Confederation) und verschiedensten olympischen Disziplinen (Kleinkaliberdisziplinen nach ISSF). &nbsp; Hier geht es zum Sch\u00fctzenrat Hier geht es zur Sportanlage Hier geht es zur Vereinsgeschichte [&hellip;]<\/p>\n","protected":false},"author":1,"featured_media":0,"parent":0,"menu_order":0,"comment_status":"closed","ping_status":"closed","template":"","meta":{"_mc_calendar":[]},"_links":{"self":[{"href":"http:\/\/www.fsv1864amstetten.at\/index.php?rest_route=\/wp\/v2\/pages\/89"}],"collection":[{"href":"http:\/\/www.fsv1864amstetten.at\/index.php?rest_route=\/wp\/v2\/pages"}],"about":[{"href":"http:\/\/www.fsv1864amstetten.at\/index.php?rest_route=\/wp\/v2\/types\/page"}],"author":[{"embeddable":true,"href":"http:\/\/www.fsv1864amstetten.at\/index.php?rest_route=\/wp\/v2\/users\/1"}],"replies":[{"embeddable":true,"href":"http:\/\/www.fsv1864amstetten.at\/index.php?rest_route=%2Fwp%2Fv2%2Fcomments&post=89"}],"version-history":[{"count":7,"href":"http:\/\/www.fsv1864amstetten.at\/index.php?rest_route=\/wp\/v2\/pages\/89\/revisions"}],"predecessor-version":[{"id":3260,"href":"http:\/\/www.fsv1864amstetten.at\/index.php?rest_route=\/wp\/v2\/pages\/89\/revisions\/3260"}],"wp:attachment":[{"href":"http:\/\/www.fsv1864amstetten.at\/index.php?rest_route=%2Fwp%2Fv2%2Fmedia&parent=89"}],"curies":[{"name":"wp","href":"https:\/\/api.w.org\/{rel}","templated":true}]}}