{"id":694,"date":"2014-05-31T10:03:35","date_gmt":"2014-05-31T08:03:35","guid":{"rendered":"http:\/\/www.fsv1864amstetten.at\/?page_id=694"},"modified":"2026-02-07T23:21:10","modified_gmt":"2026-02-07T22:21:10","slug":"aeltere-ergebnisse-sgkp","status":"publish","type":"page","link":"http:\/\/www.fsv1864amstetten.at\/?page_id=694","title":{"rendered":"Alte Ergebnisse SGKP"},"content":{"rendered":"<p><strong>SGKP 2025<\/strong><\/p>\n<p><a href=\"http:\/\/www.fsv1864amstetten.at\/wp-content\/uploads\/2025\/01\/Kegelschiessen-2025.pdf\">Kegelschie\u00dfen 2025<\/a><\/p>\n<p><a href=\"http:\/\/www.fsv1864amstetten.at\/wp-content\/uploads\/2025\/03\/Extrabewerb-1.-Runde-2025.pdf\">Extrabewerb 1. Runde 2025<\/a><\/p>\n<p><a href=\"http:\/\/www.fsv1864amstetten.at\/wp-content\/uploads\/2025\/05\/Extrabewerb-2.-Runde-2025.pdf\">Extrabewerb 2. Runde 2025<\/a><\/p>\n<p><a href=\"http:\/\/www.fsv1864amstetten.at\/wp-content\/uploads\/2025\/09\/Extrabewerb-3.-Runde-2025.pdf\">Extrabewerb 3. Runde 2025<\/a><\/p>\n<p><a href=\"http:\/\/www.fsv1864amstetten.at\/wp-content\/uploads\/2025\/10\/Extrabewerb-4.-Runde-2025.pdf\">Extrabewerb 4. Runde 2025<\/a><\/p>\n<p><a href=\"http:\/\/www.fsv1864amstetten.at\/wp-content\/uploads\/2025\/03\/Grosskaliber-Cup-2025-1.Runde_.pdf\">Gro\u00dfkaliber-Cup 1.Runde 2025<\/a><\/p>\n<p><a href=\"http:\/\/www.fsv1864amstetten.at\/wp-content\/uploads\/2025\/05\/Grosskaliber-Cup-2.Runde-2025.pdf\">Gro\u00dfkaliber-Cup 2.Runde 2025<\/a><\/p>\n<p><a href=\"http:\/\/www.fsv1864amstetten.at\/wp-content\/uploads\/2025\/09\/Grosskaliber-Cup-3.Runde-2025.pdf\">Gro\u00dfkaliber-Cup 3.Runde 2025<\/a><\/p>\n<p><a href=\"http:\/\/www.fsv1864amstetten.at\/wp-content\/uploads\/2025\/10\/Grosskaliber-Cup-4.Runde-2025.pdf\">Gro\u00dfkaliber-Cup 4.Runde 2025<\/a><\/p>\n<p><a href=\"http:\/\/www.fsv1864amstetten.at\/wp-content\/uploads\/2025\/06\/Grosskaliber-Bezirksmeisterschaft-2025.pdf\">Gro\u00dfkaliber Bezirksmeisterschaft 2025<\/a><\/p>\n<p><a href=\"http:\/\/www.fsv1864amstetten.at\/wp-content\/uploads\/2025\/10\/Grosskaliber-VM-2025.pdf\">Gro\u00dfkaliber VM 2025<\/a><\/p>\n<p><a href=\"http:\/\/www.fsv1864amstetten.at\/wp-content\/uploads\/2025\/11\/Kegelschiessen-2025-20-Pins.pdf\">Kegelschie\u00dfen 20 Pins 2025<\/a><\/p>\n<p><a href=\"http:\/\/www.fsv1864amstetten.at\/wp-content\/uploads\/2025\/12\/Krampus-Schiessen-2025.pdf\">Krampus-Schie\u00dfen 2025<\/a><\/p>\n<p><a href=\"http:\/\/www.fsv1864amstetten.at\/wp-content\/uploads\/2025\/12\/Wunibald-Schiessen-2025.pdf\">Wunibald-Schie\u00dfen 2025<\/a><\/p>\n<p><strong>SGKP 2024<\/strong><\/p>\n<p><a href=\"http:\/\/www.fsv1864amstetten.at\/wp-content\/uploads\/2024\/01\/Kegelschiessen-2024.pdf\">Kegelschie\u00dfen 2024<\/a><\/p>\n<p><a href=\"http:\/\/www.fsv1864amstetten.at\/wp-content\/uploads\/2024\/05\/Extrabewerb-2.-Runde-2024.pdf\">Extrabewerb 2. Runde 2024<\/a><\/p>\n<p><a href=\"http:\/\/www.fsv1864amstetten.at\/wp-content\/uploads\/2024\/08\/Extrabewerb-3.-Runde-2024.pdf\">Extrabewerb 3. Runde 2024<\/a><\/p>\n<p><a href=\"http:\/\/www.fsv1864amstetten.at\/wp-content\/uploads\/2024\/11\/Extrabewerb-4.-Runde-2024.pdf\">Extrabewerb 4. Runde 2024<\/a><\/p>\n<p><a href=\"http:\/\/www.fsv1864amstetten.at\/wp-content\/uploads\/2024\/11\/Grosskaliber-4.-Runde-2024.pdf\">Gro\u00dfkaliber-Cup 4. Runde 2024<\/a><\/p>\n<p><a href=\"http:\/\/www.fsv1864amstetten.at\/wp-content\/uploads\/2024\/11\/Grosskaliber-VM-2024.pdf\">Gro\u00dfkaliber VM 2024<\/a><\/p>\n<p><a href=\"http:\/\/www.fsv1864amstetten.at\/wp-content\/uploads\/2024\/02\/Faschingsschiessen-2024.pdf\">Faschingsschie\u00dfen 2024<\/a><\/p>\n<p><a href=\"http:\/\/www.fsv1864amstetten.at\/wp-content\/uploads\/2024\/05\/Grosskaliber-Bezirksmeisterschaft-2024.pdf\">Gro\u00dfkaliber Bezirksmeisterschaft 2024<\/a><\/p>\n<p><a href=\"http:\/\/www.fsv1864amstetten.at\/wp-content\/uploads\/2024\/09\/Kegelschiessen-Herbst-2024.pdf\">Kegelschie\u00dfen Herbst 2024<\/a><\/p>\n<p><a href=\"http:\/\/www.fsv1864amstetten.at\/wp-content\/uploads\/2024\/12\/Krampusschiessen-2024.pdf\">Krampusschie\u00dfen 2024<\/a><\/p>\n<p><a href=\"http:\/\/www.fsv1864amstetten.at\/wp-content\/uploads\/2024\/12\/Wunibald-2024.pdf\">Wunibald 2024<\/a><\/p>\n<p><strong>SGKP 2023<\/strong><\/p>\n<p><a href=\"http:\/\/www.fsv1864amstetten.at\/wp-content\/uploads\/2023\/03\/Faschingsschiessen-2023.pdf\">Faschingsschie\u00dfen 2023<\/a><\/p>\n<p><a href=\"http:\/\/www.fsv1864amstetten.at\/wp-content\/uploads\/2023\/10\/Extrabewerb-4.-Runde-2023.pdf\">Extrabewerb 1. &#8211; 4. Runde 2023<\/a><\/p>\n<p><a href=\"http:\/\/www.fsv1864amstetten.at\/wp-content\/uploads\/2023\/03\/Kegelschiessen-2023.pdf\">Kegelschie\u00dfen 2023<\/a><\/p>\n<p><a href=\"http:\/\/www.fsv1864amstetten.at\/wp-content\/uploads\/2023\/05\/Grosskaliber-Bezirksmeisterschaft-2023.pdf\">Gro\u00dfkaliber Bezirksmeisterschaft 2023<\/a><\/p>\n<p><a href=\"http:\/\/www.fsv1864amstetten.at\/wp-content\/uploads\/2023\/09\/Kegelschiessen-Herbst-2023.pdf\">Kegelschie\u00dfen Herbst 2023<\/a><\/p>\n<p><a href=\"http:\/\/www.fsv1864amstetten.at\/wp-content\/uploads\/2023\/10\/Grosskaliber-Cup-4.-Runde-2023.pdf\">Gro\u00dfkaliber Cup 1. &#8211; 4. Runde 2023<\/a><\/p>\n<p><a href=\"http:\/\/www.fsv1864amstetten.at\/wp-content\/uploads\/2023\/10\/Grosskaliber-VM-2023.pdf\">Gro\u00dfkaliber VM 2023<\/a><\/p>\n<p><a href=\"http:\/\/www.fsv1864amstetten.at\/wp-content\/uploads\/2023\/11\/Krampus-Schiessen-2023.pdf\">Krampusschie\u00dfen 2023<\/a><\/p>\n<p><a href=\"http:\/\/www.fsv1864amstetten.at\/wp-content\/uploads\/2023\/12\/Wunibald-Schiessen-2023.pdf\">Wunibald Schie\u00dfen 2023<\/a><\/p>\n<p><strong>SGKP 2022<\/strong><\/p>\n<p><a href=\"http:\/\/www.fsv1864amstetten.at\/wp-content\/uploads\/2022\/03\/Faschingsschie\u00dfen-Ergebnisse.pdf\">Faschingsschie\u00dfen<\/a><\/p>\n<p><a href=\"http:\/\/www.fsv1864amstetten.at\/wp-content\/uploads\/2022\/03\/Kegelschie\u00dfen-2022-Ergebnis.pdf\">Kegelschie\u00dfen 2022<\/a><\/p>\n<p><a href=\"http:\/\/www.fsv1864amstetten.at\/wp-content\/uploads\/2022\/05\/Gro\u00dfkaliber-Bezirksmeisterschaft-2022-Ergebnisse.pdf\">Gro\u00dfkaliber Bezirksmeisterschaft 2022<\/a><\/p>\n<p><a href=\"http:\/\/www.fsv1864amstetten.at\/wp-content\/uploads\/2022\/09\/Kegelschiessen-2022-Herbst-Ergebnis.pdf\">Kegelschie\u00dfen 2022 Herbst<\/a><\/p>\n<p><a href=\"http:\/\/www.fsv1864amstetten.at\/wp-content\/uploads\/2022\/10\/Extra-2022-Runde-4-Ergebnisse.pdf\">Extra 2022 Runde 4<\/a><\/p>\n<p><a href=\"http:\/\/www.fsv1864amstetten.at\/wp-content\/uploads\/2022\/10\/Grosskaliber-Cup-2022-Runde-4-Finale-Ergebnisse.pdf\">Gro\u00dfkaliber Cup 2022 Runde 4 Finale<\/a><\/p>\n<p><a href=\"http:\/\/www.fsv1864amstetten.at\/wp-content\/uploads\/2022\/10\/Grosskaliber-VM-2022-Ergebnisse.pdf\">Gro\u00dfkaliber VM 2022<\/a><\/p>\n<p><a href=\"http:\/\/www.fsv1864amstetten.at\/wp-content\/uploads\/2022\/12\/Krampus-Schiessen-2022-Ergebnisse.pdf\">Krampusschie\u00dfen 2022<\/a><\/p>\n<p><a href=\"http:\/\/www.fsv1864amstetten.at\/wp-content\/uploads\/2022\/12\/Wunibald-Schiessen-2022-Ergebnis.pdf\">Wunibald-Schie\u00dfen 2022<\/a><\/p>\n<p><a href=\"http:\/\/www.fsv1864amstetten.at\/wp-content\/uploads\/2022\/12\/Silvesterschiessen-2022-Ergebnis.pdf\">Silvesterschie\u00dfen 2022<\/a><\/p>\n<p><strong>SGKP 2021<\/strong><\/p>\n<p><a href=\"http:\/\/www.fsv1864amstetten.at\/wp-content\/uploads\/2021\/06\/Kegelschie\u00dfen-Ergebnisse-2021.pdf\">Kegelschie\u00dfen 2021<\/a><\/p>\n<p><a href=\"http:\/\/www.fsv1864amstetten.at\/wp-content\/uploads\/2021\/07\/Gro\u00dfkaliber-Cup-2021-Runde-1-Ergebnisse.pdf\">Gro\u00dfkaliber-Cup 1. Runde <\/a><a href=\"http:\/\/www.fsv1864amstetten.at\/wp-content\/uploads\/2021\/07\/Gro\u00dfkaliber-Cup-2021-Runde-1-Ergebnisse.pdf\"> 2021<\/a><\/p>\n<p><a href=\"http:\/\/www.fsv1864amstetten.at\/wp-content\/uploads\/2021\/08\/Gro\u00dfkaliber-Cup-2021-Runde-2-Ergebnisse.pdf\">Gro\u00dfkaliber Cup 2.Runde 2021<\/a><\/p>\n<p><a href=\"http:\/\/www.fsv1864amstetten.at\/wp-content\/uploads\/2021\/10\/Gro\u00dfkaliber-Cup-2021-Runde-3-Ergebnisse.pdf\">Gro\u00dfkaliber Cup 3.Runde 2021<\/a><\/p>\n<p><a href=\"http:\/\/www.fsv1864amstetten.at\/wp-content\/uploads\/2021\/08\/2021-Bezirksmeisterschaft-Gro\u00dfkaliber.pdf\">Bezirksmeisterschaft Gro\u00dfkaliber 2021<\/a><\/p>\n<p><a href=\"http:\/\/www.fsv1864amstetten.at\/wp-content\/uploads\/2021\/10\/Extra-2021-Ergebnisse.pdf\">Extra 2021<\/a><\/p>\n<p><a href=\"http:\/\/www.fsv1864amstetten.at\/wp-content\/uploads\/2021\/10\/Gro\u00dfkaliber-VM-2021-Ergebnisse.pdf\">Gro\u00dfkaliber Vereinsmeisterschaft 2021<\/a><\/p>\n<p><a href=\"http:\/\/www.fsv1864amstetten.at\/wp-content\/uploads\/2021\/11\/Kegelschie\u00dfen-Herbst-2021-Ergebnisse.pdf\">Kegelschie\u00dfen Herbst 2021<\/a><\/p>\n<p><a href=\"http:\/\/www.fsv1864amstetten.at\/wp-content\/uploads\/2021\/12\/Silvesterschie\u00dfen-2021.pdf\">Silvesterschie\u00dfen 2021<\/a><\/p>\n<p><strong>SGKP 2020<\/strong><\/p>\n<p><a href=\"http:\/\/www.fsv1864amstetten.at\/wp-content\/uploads\/2020\/10\/VM-Extrabewerb-2020.pdf\">VM Extrabewerb 2020<\/a><\/p>\n<p><a href=\"http:\/\/www.fsv1864amstetten.at\/wp-content\/uploads\/2020\/09\/VM-Gro\u00dfkaliber-2020.pdf\">VM Gro\u00dfkaliber 2020<\/a><\/p>\n<p><a href=\"http:\/\/www.fsv1864amstetten.at\/wp-content\/uploads\/2020\/02\/Extrabewerb-1.-Runde-2020.pdf\">Extrabewerb 1. Runde 2020<\/a><\/p>\n<p><a href=\"http:\/\/www.fsv1864amstetten.at\/wp-content\/uploads\/2020\/02\/Gro\u00dfkaliber-Cup-1.-Runde-2020.pdf\">Gro\u00dfkaliber-Cup 1. Runde 2020<\/a><\/p>\n<p><a href=\"http:\/\/www.fsv1864amstetten.at\/wp-content\/uploads\/2020\/02\/Kegelschie\u00dfen-2020-1.pdf\">Kegelschie\u00dfen 2020<\/a><\/p>\n<p><strong>SGKP 2019<\/strong><\/p>\n<p><a href=\"http:\/\/www.fsv1864amstetten.at\/wp-content\/uploads\/2019\/12\/Wunibald-Schie\u00dfen-2019.pdf\">Wunibald-Schie\u00dfen 2019<\/a><\/p>\n<p><a href=\"http:\/\/www.fsv1864amstetten.at\/wp-content\/uploads\/2019\/12\/Krampus-Schie\u00dfen-2019-1.pdf\">Krampus-Schie\u00dfen 2019<\/a><\/p>\n<p><a href=\"http:\/\/www.fsv1864amstetten.at\/wp-content\/uploads\/2019\/10\/Extrabewerb-4.-Runde-2019.pdf\">Extrabewerb 4. Runde 2019<\/a><\/p>\n<p><a href=\"http:\/\/www.fsv1864amstetten.at\/wp-content\/uploads\/2019\/10\/VM-Gro\u00dfkaliber-2019-1.pdf\">VM Gro\u00dfkaliber 2019<\/a><\/p>\n<p><a href=\"http:\/\/www.fsv1864amstetten.at\/wp-content\/uploads\/2019\/10\/Gro\u00dfkaliber-Cup-4.-Runde-2019-1.pdf\">Gro\u00dfkaliber-Cup 4. Runde 2019<\/a><\/p>\n<p><a href=\"http:\/\/www.fsv1864amstetten.at\/wp-content\/uploads\/2019\/09\/Extrabewerb-3.-Runde-2019-1.pdf\">Extrabewerb 3. Runde 2019<\/a><\/p>\n<p><a href=\"http:\/\/www.fsv1864amstetten.at\/wp-content\/uploads\/2019\/06\/Gro\u00dfkaliber-Cup-3.-Runde-2019.pdf\">Gro\u00dfkaliber-Cup 3. Runde 2019<\/a><\/p>\n<p><a href=\"http:\/\/www.fsv1864amstetten.at\/wp-content\/uploads\/2019\/05\/BM-Gro\u00dfkaliber-2019-1.pdf\">BM Gro\u00dfkaliber 2019<\/a><\/p>\n<p><a href=\"http:\/\/www.fsv1864amstetten.at\/wp-content\/uploads\/2019\/02\/Kegelschie\u00dfen-2019-1.pdf\">Kegelschie\u00dfen 2019<\/a><\/p>\n<p><strong>SGKP 2018<\/strong><\/p>\n<p><a href=\"http:\/\/www.fsv1864amstetten.at\/wp-content\/uploads\/2018\/12\/Wunibald-Schie\u00dfen-2018.pdf\">Wunibald-Schie\u00dfen 2018<\/a><\/p>\n<p><a href=\"http:\/\/www.fsv1864amstetten.at\/wp-content\/uploads\/2018\/12\/Krampus-Schie\u00dfen-2018.pdf\">Krampus-Schie\u00dfen 2018<\/a><\/p>\n<p><a href=\"http:\/\/www.fsv1864amstetten.at\/wp-content\/uploads\/2018\/10\/Extrabewerb-4.-Runde-2018.pdf\">Extrabewerb 4. Runde 2018<\/a><\/p>\n<p><a href=\"http:\/\/www.fsv1864amstetten.at\/wp-content\/uploads\/2018\/09\/Gro\u00dfkaliber-Cup-4.-Runde-2018.pdf\">Gro\u00dfkaliber-Cup 4. Runde 2018<\/a><\/p>\n<p><a href=\"http:\/\/www.fsv1864amstetten.at\/wp-content\/uploads\/2018\/09\/VM-Gro\u00dfkaliber-2018.pdf\">VM Gro\u00dfkaliber 2018<\/a><\/p>\n<p><a href=\"http:\/\/www.fsv1864amstetten.at\/wp-content\/uploads\/2018\/05\/BM-Gro\u00dfkaliber-2018.pdf\">BM Gro\u00dfkaliber 2018<\/a><\/p>\n<p><a href=\"http:\/\/www.fsv1864amstetten.at\/wp-content\/uploads\/2018\/02\/Kegelschie\u00dfen-2018-1.pdf\">Kegelschie\u00dfen<\/a><a href=\"http:\/\/www.fsv1864amstetten.at\/wp-content\/uploads\/2018\/02\/Kegelschie\u00dfen-2018-1.pdf\"> 2018<\/a><\/p>\n<p><strong>SGKP 2017<\/strong><\/p>\n<p><a href=\"http:\/\/www.fsv1864amstetten.at\/wp-content\/uploads\/2014\/05\/Wunibald-Schie\u00dfen-2017.pdf\">Wunibald-Schie\u00dfen 2017<\/a><\/p>\n<p><a href=\"http:\/\/www.fsv1864amstetten.at\/wp-content\/uploads\/2014\/05\/Krampus-Schie\u00dfen-2017.pdf\">Krampus-Schie\u00dfen 2017<\/a><\/p>\n<p><a href=\"http:\/\/www.fsv1864amstetten.at\/wp-content\/uploads\/2014\/05\/Extrabewerb-2017-4.-Runde.pdf\">Extrabewerb 2017 4. Runde<\/a><\/p>\n<p><a href=\"http:\/\/www.fsv1864amstetten.at\/wp-content\/uploads\/2014\/05\/Gro\u00dfkaliber-Cup-4.-Runde-2017-.pdf\">Gro\u00dfkaliber-Cup 4. Runde 2017<\/a><\/p>\n<p><a href=\"http:\/\/www.fsv1864amstetten.at\/wp-content\/uploads\/2014\/05\/VM-Gro\u00dfkaliber-2017.pdf\">VM Gro\u00dfkaliber 2017<\/a><\/p>\n<p><a href=\"http:\/\/www.fsv1864amstetten.at\/wp-content\/uploads\/2014\/05\/BM-Gro\u00dfkaliber-2017.pdf\">BM Gro\u00dfkaliber 2017<\/a><\/p>\n<p><a href=\"http:\/\/www.fsv1864amstetten.at\/wp-content\/uploads\/2014\/05\/Kegelschie\u00dfen-2017-3.pdf\">Kegelschie\u00dfen 2017<\/a><\/p>\n<p><strong>SGKP 2016<\/strong><\/p>\n<p><a href=\"http:\/\/www.fsv1864amstetten.at\/wp-content\/uploads\/2014\/05\/Wunibald-Schie\u00dfen-2016.pdf\" rel=\"\"><span style=\"color: #0066cc;\">Wunibaldschie\u00dfen 2016<\/span><\/a><\/p>\n<p><a href=\"http:\/\/www.fsv1864amstetten.at\/wp-content\/uploads\/2014\/05\/Krampus-Schie\u00dfen-2016.pdf\" rel=\"\"><span style=\"color: #0066cc;\">Krampus Schie\u00dfen 2016<\/span><\/a><\/p>\n<p><a href=\"http:\/\/www.fsv1864amstetten.at\/wp-content\/uploads\/2014\/05\/Extrabewerb_2016-4.-Runde.pdf\"><span style=\"color: #0066cc;\">Extrabewerb 2016<\/span><\/a><\/p>\n<p><a href=\"http:\/\/www.fsv1864amstetten.at\/wp-content\/uploads\/2014\/05\/VM-Gro\u00dfkaliber-2016.pdf\" rel=\"\"><span style=\"color: #0066cc;\">VM Gro\u00dfkaliber 2016<\/span><\/a><\/p>\n<p><a href=\"http:\/\/www.fsv1864amstetten.at\/wp-content\/uploads\/2014\/05\/Gro\u00dfkaliber-Cup-2016.pdf\" rel=\"\"><span style=\"color: #0066cc;\">Gro\u00dfkaliber-Cup 2016<\/span><\/a><\/p>\n<p><a href=\"http:\/\/www.fsv1864amstetten.at\/wp-content\/uploads\/2014\/05\/BM-Gro\u00dfkaliber-2016.pdf\" rel=\"\"><span style=\"color: #0066cc;\">BM Gro\u00dfkaliber 2016<\/span><\/a><\/p>\n<p><a href=\"http:\/\/www.fsv1864amstetten.at\/wp-content\/uploads\/2014\/05\/Kegelschie\u00dfen-2016-1.pdf\" rel=\"\"><span style=\"color: #0066cc;\">Kegelschie\u00dfen 2016<\/span><\/a><\/p>\n<p><strong>SGKP 2015<\/strong><\/p>\n<p><a href=\"http:\/\/www.fsv1864amstetten.at\/wp-content\/uploads\/2014\/05\/Wunibald-Schie\u00dfen-2015.pdf\"><span style=\"color: #0066cc;\">Wunibald Schie\u00dfen 2015<\/span><\/a><\/p>\n<p><a href=\"http:\/\/www.fsv1864amstetten.at\/wp-content\/uploads\/2014\/05\/Krampus-Schie\u00dfen-2015.pdf\"><span style=\"color: #0066cc;\">Krampus-Schie\u00dfen 2015<\/span><\/a><\/p>\n<p><a href=\"http:\/\/www.fsv1864amstetten.at\/wp-content\/uploads\/2014\/05\/Kegelschie\u00dfen_2015.pdf\"><span style=\"color: #0066cc;\">Kegelschie\u00dfen_2015<\/span><\/a><\/p>\n<p><a href=\"http:\/\/www.fsv1864amstetten.at\/wp-content\/uploads\/2014\/05\/GK-Bezirksmeisterschaft-2015.pdf\"><span style=\"color: #0066cc;\">GK Bezirksmeisterschaft 2015<\/span><\/a><\/p>\n<p><a href=\"http:\/\/www.fsv1864amstetten.at\/wp-content\/uploads\/2014\/05\/GK-Gro\u00dfkalibercup-2015.pdf\"><span style=\"color: #0066cc;\">GK Gro\u00dfkalibercup 2015<\/span><\/a><\/p>\n<p><a href=\"http:\/\/www.fsv1864amstetten.at\/wp-content\/uploads\/2014\/05\/VM-Gro\u00dfkaliber-2015.pdf\"><span style=\"color: #0066cc;\">VM Gro\u00dfkaliber 2015<\/span><\/a><\/p>\n<p><a href=\"http:\/\/www.fsv1864amstetten.at\/wp-content\/uploads\/2014\/05\/Extrabewerb_2015.xls\"><span style=\"color: #0066cc;\">Extrabewerb_2015<\/span><\/a><\/p>\n<p><strong>SGKP\u00a02014<\/strong><\/p>\n<p><a href=\"http:\/\/www.fsv1864amstetten.at\/wp-content\/uploads\/2014\/05\/Wunibald-20141.pdf\">Wunibald 2014<\/a><\/p>\n<p><a href=\"http:\/\/www.fsv1864amstetten.at\/wp-content\/uploads\/2014\/05\/Krampus-Schie\u00dfen-20141.pdf\">Krampus-Schie\u00dfen 2014<\/a><\/p>\n<p><a href=\"http:\/\/www.fsv1864amstetten.at\/wp-content\/uploads\/2014\/05\/Extra-Bewerb-20142.pdf\">Extra-Bewerb 2014<\/a><\/p>\n<p><a href=\"http:\/\/www.fsv1864amstetten.at\/wp-content\/uploads\/2014\/05\/Gro\u00dfkalibercup-2014.pdf\">Gro\u00dfkalibercup 2014<\/a><\/p>\n<p><a href=\"http:\/\/www.fsv1864amstetten.at\/wp-content\/uploads\/2014\/05\/VM-Gro\u00dfkaliber-2014.pdf\">VM Gro\u00dfkaliber 2014<\/a><\/p>\n<p><a href=\"http:\/\/www.fsv1864amstetten.at\/wp-content\/uploads\/2014\/05\/BM-SGKP-2014.pdf\">BM SGKP 2014<\/a><\/p>\n<p><a href=\"http:\/\/www.fsv1864amstetten.at\/wp-content\/uploads\/2014\/05\/Bowling-Pin-Shooting1.pdf\">Bowling Pin Shooting<\/a><\/p>\n<p><strong>SGKP\u00a0<strong>2013<\/strong><\/strong><\/p>\n<p><a href=\"http:\/\/www.fsv1864amstetten.at\/wp-content\/uploads\/2014\/05\/Bowling-Pin-Shooting-2013.pdf\">Bowling Pin Shooting 2013<\/a><\/p>\n<p><a href=\"http:\/\/www.fsv1864amstetten.at\/wp-content\/uploads\/2014\/05\/Extra-Bewerb-2013.pdf\">Extra Bewerb 2013<\/a><\/p>\n<p><a href=\"http:\/\/www.fsv1864amstetten.at\/wp-content\/uploads\/2014\/05\/Krampusschie\u00dfen-2013.pdf\">Krampusschie\u00dfen 2013<\/a><\/p>\n<p><a href=\"http:\/\/www.fsv1864amstetten.at\/wp-content\/uploads\/2014\/05\/Vereinscup-SGKP-2013.pdf\">Vereinscup SGKP 2013<\/a><\/p>\n<p><a href=\"http:\/\/www.fsv1864amstetten.at\/wp-content\/uploads\/2014\/05\/Vereinsmeisterschaft-SGKP-2013.pdf\">Vereinsmeisterschaft SGKP 2013<\/a><\/p>\n<p><strong>SGKP\u00a0<strong>2012<\/strong><\/strong><\/p>\n<p><a href=\"http:\/\/www.fsv1864amstetten.at\/wp-content\/uploads\/2014\/05\/BM-SGKP-2012.pdf\">BM SGKP 2012<\/a><\/p>\n<p><a href=\"http:\/\/www.fsv1864amstetten.at\/wp-content\/uploads\/2014\/05\/Bowling-Pin-Shooting-2012.pdf\">Bowling Pin Shooting 2012<\/a><\/p>\n<p><a href=\"http:\/\/www.fsv1864amstetten.at\/wp-content\/uploads\/2014\/05\/Extrabewerb-2012.pdf\">Extrabewerb 2012<\/a><\/p>\n<p><a href=\"http:\/\/www.fsv1864amstetten.at\/wp-content\/uploads\/2014\/05\/Krampusschie\u00dfen-2012.pdf\">Krampusschie\u00dfen 2012<\/a><\/p>\n<p><a href=\"http:\/\/www.fsv1864amstetten.at\/wp-content\/uploads\/2014\/05\/Vereinscup-SGKP-2012.pdf\">Vereinscup SGKP 2012<\/a><\/p>\n<p><a href=\"http:\/\/www.fsv1864amstetten.at\/wp-content\/uploads\/2014\/05\/VM-SGKP-2012.pdf\">VM SGKP 2012<\/a><\/p>\n<p><strong>SGKP\u00a0<strong>2011<\/strong><\/strong><\/p>\n<p><a href=\"http:\/\/www.fsv1864amstetten.at\/wp-content\/uploads\/2014\/05\/BM-SGKP-2011.pdf\">BM SGKP 2011<\/a><\/p>\n<p><a href=\"http:\/\/www.fsv1864amstetten.at\/wp-content\/uploads\/2014\/05\/Bowling-Pin-Shooting-2011.pdf\">Bowling Pin Shooting 2011<\/a><\/p>\n<p><a href=\"http:\/\/www.fsv1864amstetten.at\/wp-content\/uploads\/2014\/05\/Extrabewerb-2011.pdf\">Extrabewerb 2011<\/a><\/p>\n<p><a href=\"http:\/\/www.fsv1864amstetten.at\/wp-content\/uploads\/2014\/05\/Krampusschie\u00dfen-2011.pdf\">Krampusschie\u00dfen 2011<\/a><\/p>\n<p><a href=\"http:\/\/www.fsv1864amstetten.at\/wp-content\/uploads\/2014\/05\/Vereinscup-SGKP-2011.pdf\">Vereinscup SGKP 2011<\/a><\/p>\n<p><a href=\"http:\/\/www.fsv1864amstetten.at\/wp-content\/uploads\/2014\/05\/Versuchsbewerb-2011.pdf\">Versuchsbewerb 2011<\/a><\/p>\n<p><a href=\"http:\/\/www.fsv1864amstetten.at\/wp-content\/uploads\/2014\/05\/VM-SGKP-2011.pdf\">VM SGKP 2011<\/a><\/p>\n<p><strong>SGKP\u00a0<strong>2010<\/strong><\/strong><\/p>\n<p><a href=\"http:\/\/www.fsv1864amstetten.at\/wp-content\/uploads\/2014\/05\/BM-SGKP-2010.pdf\">BM SGKP 2010<\/a><\/p>\n<p><a href=\"http:\/\/www.fsv1864amstetten.at\/wp-content\/uploads\/2014\/05\/Bowling-Pin-Shooting-2010.pdf\">Bowling Pin Shooting 2010<\/a><\/p>\n<p><a href=\"http:\/\/www.fsv1864amstetten.at\/wp-content\/uploads\/2014\/05\/Extrabewerb-2010.pdf\">Extrabewerb 2010<\/a><\/p>\n<p><a href=\"http:\/\/www.fsv1864amstetten.at\/wp-content\/uploads\/2014\/05\/Krampusschie\u00dfen-2010.pdf\">Krampusschie\u00dfen 2010<\/a><\/p>\n<p><a href=\"http:\/\/www.fsv1864amstetten.at\/wp-content\/uploads\/2014\/05\/Vereinscup-SGKP-2010.pdf\">Vereinscup SGKP 2010<\/a><\/p>\n<p><a href=\"http:\/\/www.fsv1864amstetten.at\/wp-content\/uploads\/2014\/05\/VM-SGKP-2010.pdf\">VM SGKP 2010<\/a><\/p>\n<p><strong>SGKP\u00a0<strong>2009<\/strong><\/strong><\/p>\n<p><a href=\"http:\/\/www.fsv1864amstetten.at\/wp-content\/uploads\/2014\/05\/BM-SGKP-2009.pdf\">BM SGKP 2009<\/a><\/p>\n<p><a href=\"http:\/\/www.fsv1864amstetten.at\/wp-content\/uploads\/2014\/05\/Bowling-Pin-Shooting-2009.pdf\">Bowling Pin Shooting 2009<\/a><\/p>\n<p><a href=\"http:\/\/www.fsv1864amstetten.at\/wp-content\/uploads\/2014\/05\/Extrabewerb-2009.pdf\">Extrabewerb 2009<\/a><\/p>\n<p><a href=\"http:\/\/www.fsv1864amstetten.at\/wp-content\/uploads\/2014\/05\/Fleischkn\u00f6delschie\u00dfen-2009.pdf\">Fleischkn\u00f6delschie\u00dfen 2009<\/a><\/p>\n<p><a href=\"http:\/\/www.fsv1864amstetten.at\/wp-content\/uploads\/2014\/05\/Krampusschie\u00dfen-2009.pdf\">Krampusschie\u00dfen 2009<\/a><\/p>\n<p><a href=\"http:\/\/www.fsv1864amstetten.at\/wp-content\/uploads\/2014\/05\/Vereinscup-SGKP-2009.pdf\">Vereinscup SGKP 2009<\/a><\/p>\n<p><a href=\"http:\/\/www.fsv1864amstetten.at\/wp-content\/uploads\/2014\/05\/VM-SGKP-2009.pdf\">VM SGKP 2009<\/a><\/p>\n","protected":false},"excerpt":{"rendered":"<p>SGKP 2025 Kegelschie\u00dfen 2025 Extrabewerb 1. Runde 2025 Extrabewerb 2. Runde 2025 Extrabewerb 3. Runde 2025 Extrabewerb 4. Runde 2025 Gro\u00dfkaliber-Cup 1.Runde 2025 Gro\u00dfkaliber-Cup 2.Runde 2025 Gro\u00dfkaliber-Cup 3.Runde 2025 Gro\u00dfkaliber-Cup 4.Runde 2025 Gro\u00dfkaliber Bezirksmeisterschaft 2025 Gro\u00dfkaliber VM 2025 Kegelschie\u00dfen 20 Pins 2025 Krampus-Schie\u00dfen 2025 Wunibald-Schie\u00dfen 2025 SGKP 2024 Kegelschie\u00dfen 2024 Extrabewerb 2. Runde 2024 Extrabewerb [&hellip;]<\/p>\n","protected":false},"author":1,"featured_media":0,"parent":43,"menu_order":0,"comment_status":"closed","ping_status":"closed","template":"","meta":{"_mc_calendar":[]},"_links":{"self":[{"href":"http:\/\/www.fsv1864amstetten.at\/index.php?rest_route=\/wp\/v2\/pages\/694"}],"collection":[{"href":"http:\/\/www.fsv1864amstetten.at\/index.php?rest_route=\/wp\/v2\/pages"}],"about":[{"href":"http:\/\/www.fsv1864amstetten.at\/index.php?rest_route=\/wp\/v2\/types\/page"}],"author":[{"embeddable":true,"href":"http:\/\/www.fsv1864amstetten.at\/index.php?rest_route=\/wp\/v2\/users\/1"}],"replies":[{"embeddable":true,"href":"http:\/\/www.fsv1864amstetten.at\/index.php?rest_route=%2Fwp%2Fv2%2Fcomments&post=694"}],"version-history":[{"count":20,"href":"http:\/\/www.fsv1864amstetten.at\/index.php?rest_route=\/wp\/v2\/pages\/694\/revisions"}],"predecessor-version":[{"id":9453,"href":"http:\/\/www.fsv1864amstetten.at\/index.php?rest_route=\/wp\/v2\/pages\/694\/revisions\/9453"}],"up":[{"embeddable":true,"href":"http:\/\/www.fsv1864amstetten.at\/index.php?rest_route=\/wp\/v2\/pages\/43"}],"wp:attachment":[{"href":"http:\/\/www.fsv1864amstetten.at\/index.php?rest_route=%2Fwp%2Fv2%2Fmedia&parent=694"}],"curies":[{"name":"wp","href":"https:\/\/api.w.org\/{rel}","templated":true}]}}