{"id":560,"date":"2014-05-30T16:27:58","date_gmt":"2014-05-30T14:27:58","guid":{"rendered":"http:\/\/www.fsv1864amstetten.at\/?page_id=560"},"modified":"2026-02-07T23:19:35","modified_gmt":"2026-02-07T22:19:35","slug":"aeltere-ergebnisse","status":"publish","type":"page","link":"http:\/\/www.fsv1864amstetten.at\/?page_id=560","title":{"rendered":"Alte Ergebnisse CAS"},"content":{"rendered":"<p><strong>CAS 2025<\/strong><\/p>\n<p><a href=\"http:\/\/www.fsv1864amstetten.at\/wp-content\/uploads\/2025\/08\/YRWS-25th-Anniversary-2025-Overall.pdf\">YRWS 25th Anniversary 2025 Overall<\/a><\/p>\n<p><a href=\"http:\/\/www.fsv1864amstetten.at\/wp-content\/uploads\/2025\/08\/YRWS-25th-Anniversary-2025.pdf\">YRWS 25th Anniversary 2025<\/a><\/p>\n<p><a href=\"http:\/\/www.fsv1864amstetten.at\/wp-content\/uploads\/2025\/08\/YRWS-25-2025-Fastest-Clean-Shooter.pdf\">YRWS 25 2025 Fastest Clean Shooter<\/a><\/p>\n<p><a href=\"http:\/\/www.fsv1864amstetten.at\/wp-content\/uploads\/2025\/08\/NOe-Landesmeisterschaft-2025-Overall.pdf\">N\u00d6 Landesmeisterschaft 2025 Overall<\/a><\/p>\n<p><a href=\"http:\/\/www.fsv1864amstetten.at\/wp-content\/uploads\/2025\/08\/YRWS-25th-Anniversary-2025-Overall.pdf\">N\u00d6 Landesmeisterschaft 202<\/a>5<\/p>\n<p><strong>CAS 2024<\/strong><\/p>\n<p><a href=\"http:\/\/www.fsv1864amstetten.at\/wp-content\/uploads\/2024\/08\/CAS-NOe-Landesmeisterschaft-2024.pdf\">CAS N\u00d6 Landesmeisterschaft 2024<\/a><\/p>\n<p><a href=\"http:\/\/www.fsv1864amstetten.at\/wp-content\/uploads\/2024\/08\/YRWS-Championship-2024.pdf\">YRWS Championship 2024<\/a><\/p>\n<p><a href=\"http:\/\/www.fsv1864amstetten.at\/wp-content\/uploads\/2024\/08\/YRWS-CS-2024-Fastest-Clean-Shooter.pdf\">YRWS CS 2024 Fastest Clean Shooter<\/a><\/p>\n<p><strong>CAS 2023<br \/>\n<\/strong><\/p>\n<p><a href=\"http:\/\/www.fsv1864amstetten.at\/wp-content\/uploads\/2023\/08\/NOe-Landesmeisterschaft-2023.pdf\">N\u00d6 Landesmeisterschaft 2023<\/a><\/p>\n<p><a href=\"http:\/\/www.fsv1864amstetten.at\/wp-content\/uploads\/2023\/08\/CAS-Championship-2023.pdf\">CAS Championship 2023<\/a><\/p>\n<p><a href=\"http:\/\/www.fsv1864amstetten.at\/wp-content\/uploads\/2023\/10\/CAS-Vereinscup-2023.pdf\">CAS Vereinscup 2023<\/a><\/p>\n<p><a href=\"http:\/\/www.fsv1864amstetten.at\/wp-content\/uploads\/2023\/10\/CAS-Vereinsmeisterschaft-2023.pdf\">CAS Vereinsmeisterschaft 2023<\/a><\/p>\n<p><a href=\"http:\/\/www.fsv1864amstetten.at\/wp-content\/uploads\/2023\/11\/Wild-Bunch-2023.pdf\">Wild Bunch 2023<\/a><\/p>\n<p><strong>CAS 2022<\/strong><\/p>\n<p><a href=\"http:\/\/www.fsv1864amstetten.at\/wp-content\/uploads\/2022\/07\/CAS-Championship-2022-Ergebnisse.pdf\">CAS Championship 2022<\/a><\/p>\n<p><a href=\"http:\/\/www.fsv1864amstetten.at\/wp-content\/uploads\/2022\/07\/N\u00d6-Landesmeisterschaft-2022-Ergebnisse.pdf\">N\u00d6 Landesmeisterschaft 2022<\/a><\/p>\n<p><a href=\"http:\/\/www.fsv1864amstetten.at\/wp-content\/uploads\/2022\/10\/Wild-Bunch-2022-Ergebnisse.pdf\">Wild Bunch \u00d6M 2022<\/a><\/p>\n<p><a href=\"http:\/\/www.fsv1864amstetten.at\/wp-content\/uploads\/2022\/11\/Vereinscup-CAS-2022.pdf\">Vereinscup CAS 2022<\/a><\/p>\n<p><a href=\"http:\/\/www.fsv1864amstetten.at\/wp-content\/uploads\/2022\/07\/CAS-Championship-2022-Ergebnisse.pdf\">Vereinsmeisterschaft CAS 202<\/a><\/p>\n<p><strong>CAS 2021<\/strong><\/p>\n<p><a href=\"http:\/\/www.fsv1864amstetten.at\/wp-content\/uploads\/2021\/08\/2021-YRWS-Championship.pdf\">Ybbs River Western Shooters Championship 2021<\/a><\/p>\n<p><a href=\"http:\/\/www.fsv1864amstetten.at\/wp-content\/uploads\/2021\/09\/CAS-VM-2021.pdf\">CAS VM 2021<\/a><\/p>\n<p><a href=\"http:\/\/www.fsv1864amstetten.at\/wp-content\/uploads\/2021\/10\/Wild-Bunch-2021.pdf\">Wild Bunch 2021<\/a><\/p>\n<p><strong>CAS 2020<\/strong><\/p>\n<p><a href=\"http:\/\/www.fsv1864amstetten.at\/wp-content\/uploads\/2020\/10\/CAS-Vereinscup-2020.pdf\">CAS Vereinscup 2020<\/a><\/p>\n<p><a href=\"http:\/\/www.fsv1864amstetten.at\/wp-content\/uploads\/2020\/10\/CAS-Vereinsmeisterschaft-2020.pdf\">CAS Vereinsmeisterschaft 2020<\/a><\/p>\n<p><a href=\"http:\/\/www.fsv1864amstetten.at\/wp-content\/uploads\/2020\/10\/CAS-VM-WB-2020.pdf\">CAS VM WB 2020<\/a><\/p>\n<p><a href=\"http:\/\/www.fsv1864amstetten.at\/wp-content\/uploads\/2020\/08\/CAS-Vereinscup-2020-2Runde1.pdf\">CAS Vereinscup 2020 2 Runde<\/a><\/p>\n<p><a href=\"http:\/\/www.fsv1864amstetten.at\/wp-content\/uploads\/2020\/03\/CAS-Landesmeisterschaft.pdf\">CAS Landesmeisterschaft<\/a><\/p>\n<p><a href=\"http:\/\/www.fsv1864amstetten.at\/wp-content\/uploads\/2020\/03\/CAS-Champ-2020.pdf\">CAS Champ 2020<\/a><\/p>\n<p><a href=\"http:\/\/www.fsv1864amstetten.at\/wp-content\/uploads\/2020\/02\/CAS-VC-2020-Stages-Runde-1.pdf\">CAS VC 2020 Stages Runde 1<\/a><\/p>\n<p><a href=\"http:\/\/www.fsv1864amstetten.at\/wp-content\/uploads\/2020\/02\/CAS-Vereinscup-2020.pdf\">CAS Vereinscup 2020<\/a><\/p>\n<p><strong>CAS 2019<\/strong><\/p>\n<p><a href=\"http:\/\/www.fsv1864amstetten.at\/wp-content\/uploads\/2019\/10\/\u00d6M-Wild-Bunch-2019-Overall.pdf\">\u00d6M Wild Bunch 2019 Overall<\/a><\/p>\n<p><a href=\"http:\/\/www.fsv1864amstetten.at\/wp-content\/uploads\/2019\/10\/\u00d6M-Wild-Bunch-2019-Overall-1.pdf\">\u00d6M Wild Bunch 2019 Overall<\/a><\/p>\n<p><a href=\"http:\/\/www.fsv1864amstetten.at\/wp-content\/uploads\/2019\/10\/\u00d6M-Wild-Bunch-2019-FSV-1864.pdf\">\u00d6M Wild Bunch 2019 FSV 1864<\/a><\/p>\n<p><a href=\"http:\/\/www.fsv1864amstetten.at\/wp-content\/uploads\/2019\/07\/CAS-Vereinscup-2.-Runde-2019.pdf\">CAS Vereinscup 2. Runde 2019<\/a><\/p>\n<p><a href=\"http:\/\/www.fsv1864amstetten.at\/wp-content\/uploads\/2019\/04\/EL_Uebersicht.pdf\">EL_Uebersicht<\/a><\/p>\n<p><a href=\"http:\/\/www.fsv1864amstetten.at\/wp-content\/uploads\/2019\/03\/Gesamt_N\u00d6-LM.pdf\">Gesamt_N\u00d6 LM<\/a><\/p>\n<p><a href=\"http:\/\/www.fsv1864amstetten.at\/wp-content\/uploads\/2019\/03\/Ybbs-River-Shooting-Gesamt.pdf\">Ybbs-River-Shooting Gesamt<\/a><\/p>\n<p><a href=\"http:\/\/www.fsv1864amstetten.at\/wp-content\/uploads\/2019\/02\/CAS-CUP2019-1.-Runde.pdf\">CAS-CUP2019 1. Runde<\/a><\/p>\n<p><strong>CAS 2018<\/strong><\/p>\n<p><a href=\"http:\/\/www.fsv1864amstetten.at\/wp-content\/uploads\/2018\/10\/Wild-Bunch-2018.pdf\">Wild Bunch 2018<\/a><\/p>\n<p><a href=\"http:\/\/www.fsv1864amstetten.at\/wp-content\/uploads\/2018\/02\/CAS-Vereinscup-2018.pdf\">CAS Vereinscup 2018<\/a><\/p>\n<p><a href=\"http:\/\/www.fsv1864amstetten.at\/wp-content\/uploads\/2018\/03\/CAS-Gesamt-2018.pdf\">CAS Gesamt 2018<\/a><\/p>\n<p><a href=\"http:\/\/www.fsv1864amstetten.at\/wp-content\/uploads\/2018\/03\/CAS-LM-Kategorie-2018.pdf\">CAS LM Kategorie 2018<\/a><\/p>\n<p><a href=\"http:\/\/www.fsv1864amstetten.at\/wp-content\/uploads\/2018\/03\/CAS-LM-Gesamt-2018.pdf\">CAS LM Gesamt 2018<\/a><\/p>\n<p><a href=\"http:\/\/www.fsv1864amstetten.at\/wp-content\/uploads\/2018\/03\/CAS-Kategorie-2018.pdf\">CAS Kategorie 2018<\/a><\/p>\n<p><strong>CAS 2017<\/strong><\/p>\n<p><a href=\"http:\/\/www.fsv1864amstetten.at\/wp-content\/uploads\/2014\/05\/Wild-Bunch-Gesamt-2017.pdf\">Wild Bunch Gesamt 2017<\/a><\/p>\n<p><a href=\"http:\/\/www.fsv1864amstetten.at\/wp-content\/uploads\/2014\/05\/Wild-Bunch-2017.pdf\">Wild Bunch 2017<\/a><\/p>\n<p><a href=\"http:\/\/www.fsv1864amstetten.at\/wp-content\/uploads\/2014\/05\/Ybbs-River-Westernshooter-Championship-2017.pdf\">Ybbs-River-Westernshooter Championship 2017<\/a><\/p>\n<p><a href=\"http:\/\/www.fsv1864amstetten.at\/wp-content\/uploads\/2014\/05\/Championship-Kategorien-2017.pdf\">Championship Kategorien 2017<\/a><\/p>\n<p><a href=\"http:\/\/www.fsv1864amstetten.at\/wp-content\/uploads\/2014\/05\/N\u00d6-LM-CAS-Gesamt-2017-.pdf\">N\u00d6 LM CAS Gesamt 2017<\/a><\/p>\n<p><a href=\"http:\/\/www.fsv1864amstetten.at\/wp-content\/uploads\/2014\/05\/N\u00d6-LM-CAS-Kategorien-2017.pdf\">N\u00d6 LM CAS Kategorien 2017<\/a><\/p>\n<p><strong>CAS 2016<\/strong><\/p>\n<p><a href=\"http:\/\/www.fsv1864amstetten.at\/wp-content\/uploads\/2014\/05\/Off-OEM-Wild-Bunch.pdf\"><span style=\"color: #0066cc;\">Offene \u00d6sterr. Meisterschaft Wild Bunch<\/span><\/a><\/p>\n<p><a href=\"http:\/\/www.fsv1864amstetten.at\/wp-content\/uploads\/2014\/05\/EL_Gesamt.pdf\" rel=\"\"><span style=\"color: #0066cc;\">Ybbs River Western Shooting Championship 2016<\/span><\/a><\/p>\n<p><a href=\"http:\/\/www.fsv1864amstetten.at\/wp-content\/uploads\/2014\/05\/EL_Kategorie_Meisterschaft.pdf\" rel=\"\"><span style=\"color: #0066cc;\">N\u00d6 Landesmeisterschaft CAS 2016 Kategorien<\/span><\/a><\/p>\n<p><strong>CAS 2015<\/strong><\/p>\n<p><a href=\"http:\/\/www.fsv1864amstetten.at\/wp-content\/uploads\/2014\/05\/Wild-Bunch-2015.pdf\"><span style=\"color: #0066cc;\">Wild Bunch 2015<\/span><\/a><\/p>\n<p><a href=\"http:\/\/www.fsv1864amstetten.at\/wp-content\/uploads\/2014\/05\/\u00d6M-CAS-2015.pdf\"><span style=\"color: #0066cc;\">\u00d6M CAS 2015<\/span><\/a><\/p>\n<p><a href=\"http:\/\/www.fsv1864amstetten.at\/wp-content\/uploads\/2014\/05\/\u00d6M-CAS-2015-Kategorie.pdf\"><span style=\"color: #0066cc;\">\u00d6M CAS 2015 Kategorie<\/span><\/a><\/p>\n<p><strong style=\"line-height: 1.7142; font-size: 1rem;\">CAS\u00a02014<\/strong><\/p>\n<p><a href=\"http:\/\/www.fsv1864amstetten.at\/wp-content\/uploads\/2014\/05\/CAS-\u00d6M-2014-Kategorie.pdf\">CAS \u00d6M 2014 Kategorie<\/a><\/p>\n<p><a href=\"http:\/\/www.fsv1864amstetten.at\/wp-content\/uploads\/2014\/05\/CAS-\u00d6M-2014-\u00dcbersicht.pdf\">CAS \u00d6M 2014 \u00dcbersicht<\/a><\/p>\n<p><a href=\"http:\/\/www.fsv1864amstetten.at\/wp-content\/uploads\/2014\/05\/Wild-Bunch-2014-Gesamt.pdf\">Wild Bunch 2014 Gesamt<\/a>\u00a0&#8211;\u00a0<a href=\"http:\/\/www.fsv1864amstetten.at\/wp-content\/uploads\/2014\/05\/Wild-Bunch-2014-\u00dcbersicht.pdf\">Wild Bunch 2014 \u00dcbersicht<\/a><\/p>\n<p><strong style=\"line-height: 1.7142; font-size: 1rem;\">CAS\u00a02013<\/strong><\/p>\n<p><a href=\"http:\/\/www.fsv1864amstetten.at\/wp-content\/uploads\/2014\/05\/\u00d6M-CAS-2013.pdf\">\u00d6M CAS 2013<\/a><\/p>\n<p><a href=\"http:\/\/www.fsv1864amstetten.at\/wp-content\/uploads\/2014\/05\/\u00d6M-Wild-Bunch-20131.pdf\">\u00d6M Wild Bunch 2013<\/a><\/p>\n<p><strong>CAS\u00a02012<\/strong><\/p>\n<p><a href=\"http:\/\/www.fsv1864amstetten.at\/wp-content\/uploads\/2014\/05\/\u00d6M-CAS-2012.pdf\">\u00d6M CAS 2012<\/a><\/p>\n<p><a href=\"http:\/\/www.fsv1864amstetten.at\/wp-content\/uploads\/2014\/05\/Vereinsmeisterschaft-CAS-2012.pdf\">Vereinsmeisterschaft CAS 2012<\/a>\u00a0&#8211;\u00a0<a href=\"http:\/\/www.fsv1864amstetten.at\/wp-content\/uploads\/2014\/05\/VM-CAS-G\u00e4ste-2012.pdf\">VM CAS G\u00e4ste 2012<\/a><\/p>\n<p><strong>CAS\u00a02011<\/strong><\/p>\n<p><a href=\"http:\/\/www.fsv1864amstetten.at\/wp-content\/uploads\/2014\/05\/CAS-Legends-of-FSV-2011.pdf\">CAS Legends of FSV 2011<\/a><\/p>\n<p><a href=\"http:\/\/www.fsv1864amstetten.at\/wp-content\/uploads\/2014\/05\/\u00d6M-CAS-2011.pdf\">\u00d6M CAS 2011<\/a><\/p>\n<p><strong>CAS\u00a02010<\/strong><\/p>\n<p><a href=\"http:\/\/www.fsv1864amstetten.at\/wp-content\/uploads\/2014\/05\/\u00d6M-CAS-2010.pdf\">\u00d6M CAS 2010<\/a><\/p>\n<p><a href=\"http:\/\/www.fsv1864amstetten.at\/wp-content\/uploads\/2014\/05\/CAS-Legends-of-FSV-2010.pdf\">CAS Legends of FSV 2010<\/a><\/p>\n<p><strong>CAS\u00a02009<\/strong><\/p>\n<p><a href=\"http:\/\/www.fsv1864amstetten.at\/wp-content\/uploads\/2014\/05\/\u00d6M-CAS-2009.pdf\">\u00d6M CAS 2009<\/a><\/p>\n<p><a href=\"http:\/\/www.fsv1864amstetten.at\/wp-content\/uploads\/2014\/05\/CAS-Legends-of-FSV-2009.pdf\">CAS Legends of FSV 2009<\/a><\/p>\n","protected":false},"excerpt":{"rendered":"<p>CAS 2025 YRWS 25th Anniversary 2025 Overall YRWS 25th Anniversary 2025 YRWS 25 2025 Fastest Clean Shooter N\u00d6 Landesmeisterschaft 2025 Overall N\u00d6 Landesmeisterschaft 2025 CAS 2024 CAS N\u00d6 Landesmeisterschaft 2024 YRWS Championship 2024 YRWS CS 2024 Fastest Clean Shooter CAS 2023 N\u00d6 Landesmeisterschaft 2023 CAS Championship 2023 CAS Vereinscup 2023 CAS Vereinsmeisterschaft 2023 Wild Bunch [&hellip;]<\/p>\n","protected":false},"author":1,"featured_media":0,"parent":43,"menu_order":0,"comment_status":"closed","ping_status":"closed","template":"","meta":{"_mc_calendar":[]},"_links":{"self":[{"href":"http:\/\/www.fsv1864amstetten.at\/index.php?rest_route=\/wp\/v2\/pages\/560"}],"collection":[{"href":"http:\/\/www.fsv1864amstetten.at\/index.php?rest_route=\/wp\/v2\/pages"}],"about":[{"href":"http:\/\/www.fsv1864amstetten.at\/index.php?rest_route=\/wp\/v2\/types\/page"}],"author":[{"embeddable":true,"href":"http:\/\/www.fsv1864amstetten.at\/index.php?rest_route=\/wp\/v2\/users\/1"}],"replies":[{"embeddable":true,"href":"http:\/\/www.fsv1864amstetten.at\/index.php?rest_route=%2Fwp%2Fv2%2Fcomments&post=560"}],"version-history":[{"count":30,"href":"http:\/\/www.fsv1864amstetten.at\/index.php?rest_route=\/wp\/v2\/pages\/560\/revisions"}],"predecessor-version":[{"id":9451,"href":"http:\/\/www.fsv1864amstetten.at\/index.php?rest_route=\/wp\/v2\/pages\/560\/revisions\/9451"}],"up":[{"embeddable":true,"href":"http:\/\/www.fsv1864amstetten.at\/index.php?rest_route=\/wp\/v2\/pages\/43"}],"wp:attachment":[{"href":"http:\/\/www.fsv1864amstetten.at\/index.php?rest_route=%2Fwp%2Fv2%2Fmedia&parent=560"}],"curies":[{"name":"wp","href":"https:\/\/api.w.org\/{rel}","templated":true}]}}