{"id":553,"date":"2014-05-30T15:37:03","date_gmt":"2014-05-30T13:37:03","guid":{"rendered":"http:\/\/www.fsv1864amstetten.at\/?page_id=553"},"modified":"2014-05-30T15:37:03","modified_gmt":"2014-05-30T13:37:03","slug":"links","status":"publish","type":"page","link":"http:\/\/www.fsv1864amstetten.at\/?page_id=553","title":{"rendered":"Links"},"content":{"rendered":"<p>&nbsp;<\/p>\n<p><strong>Verb\u00e4nde<\/strong><\/p>\n<p><a href=\"http:\/\/www.lsvnoe.at\">N\u00d6 Landessch\u00fctzenverband<\/a><\/p>\n<p><a href=\"http:\/\/www.schuetzenbund.at\/oesb\/\">\u00d6sterreichischer Sch\u00fctzenbund<\/a><\/p>\n<p><a href=\"http:\/\/ipscaustria.org\">IPSC Austria<\/a><\/p>\n<p><a href=\"http:\/\/www.ipsc.org\">IPSC international<\/a><\/p>\n<p><a href=\"http:\/\/www.uspsa.org\">USPSA<\/a><\/p>\n<p>&nbsp;<\/p>\n<p><strong>Vereine \u00d6sterreich<\/strong><\/p>\n<p><strong><\/strong><br \/>\n<a href=\"http:\/\/www.sass-austria.at\">Sweatwater-gunlingers<\/a><\/p>\n<p><a href=\"http:\/\/www.s-c-w.net\/news\/1.html\"><span style=\"line-height: 1.714285714; font-size: 1rem;\">SCW Sportsch\u00fctzenclub Wien<\/span><\/a><\/p>\n<p><a href=\"http:\/\/members.aon.at\/1.ssv\/\"><span style=\"line-height: 1.714285714; font-size: 1rem;\">1.Wiener Neust\u00e4dter Sportsch\u00fctzenverein<\/span><\/a><\/p>\n<p><a href=\"http:\/\/www.sgw-leobersdorf.at\"><span style=\"line-height: 1.714285714; font-size: 1rem;\">Sch\u00fctzengilde Wien<\/span><\/a><\/p>\n<p><a style=\"line-height: 1.714285714; font-size: 1rem;\" href=\"http:\/\/www.ssv-felsenkeller.de.vu\"><span style=\"line-height: 1.714285714; font-size: 1rem;\">SSV Felsenkeller<\/span><\/a><\/p>\n<p><a href=\"http:\/\/www.country-freunde-haag.at\/aktuelles\/\"><span style=\"line-height: 1.714285714; font-size: 1rem;\">Country &amp; Western Freunde Hausruck<\/span><\/a><\/p>\n<p><a href=\"http:\/\/www.psv-linz-ipsc.at.tf\"><span style=\"line-height: 1.714285714; font-size: 1rem;\">PSV Linz<\/span><\/a><\/p>\n<p><a href=\"http:\/\/www.sgl.at\"><span style=\"line-height: 1.714285714; font-size: 1rem;\">Sch\u00fctzengilde Leopoldsdorf<\/span><\/a><\/p>\n<p><a href=\"http:\/\/www.etssc.at\/1280\/index.html\"><span style=\"line-height: 1.714285714; font-size: 1rem;\">1.Tattendorfer Sch\u00fctzenclub<\/span><\/a><\/p>\n<p><a href=\"http:\/\/www.ssv-nibelungen.at\/ssv\/\"><span style=\"line-height: 1.714285714; font-size: 1rem;\">SSV-Nibelungen<\/span><\/a><\/p>\n<p><a href=\"http:\/\/www.south-bavarian-shooters.de\">South-Bavarian-Shooters<\/a><\/p>\n<p><a href=\"http:\/\/hsv-stpoelten-shooting.org\/new\/\"><span style=\"line-height: 1.714285714; font-size: 1rem;\">HSV St.P\u00f6lten<\/span><\/a><\/p>\n<p><a href=\"http:\/\/www.hsv-allentsteig.at\/cms\/index.php?id=9\"><span style=\"line-height: 1.714285714; font-size: 1rem;\">HSV Allentsteig<\/span><\/a><\/p>\n<p><a href=\"http:\/\/schuetzengesellschaft1514.npage.at\"><span style=\"line-height: 1.714285714; font-size: 1rem;\">SG Waidhofen 1514<\/span><\/a><\/p>\n<p>&nbsp;<\/p>\n<p><strong>Vereinsmitglieder<\/strong><\/p>\n<p><a href=\"http:\/\/www.sport-schuetze.at\"> Zeitlhofer E+E<\/a><\/p>\n<p><a href=\"http:\/\/www.namobi.at\"><span style=\"line-height: 1.714285714; font-size: 1rem;\">Dvorak Andrea<\/span><\/a><\/p>\n","protected":false},"excerpt":{"rendered":"<p>&nbsp; Verb\u00e4nde N\u00d6 Landessch\u00fctzenverband \u00d6sterreichischer Sch\u00fctzenbund IPSC Austria IPSC international USPSA &nbsp; Vereine \u00d6sterreich Sweatwater-gunlingers SCW Sportsch\u00fctzenclub Wien 1.Wiener Neust\u00e4dter Sportsch\u00fctzenverein Sch\u00fctzengilde Wien SSV Felsenkeller Country &amp; Western Freunde Hausruck PSV Linz Sch\u00fctzengilde Leopoldsdorf 1.Tattendorfer Sch\u00fctzenclub SSV-Nibelungen South-Bavarian-Shooters HSV St.P\u00f6lten HSV Allentsteig SG Waidhofen 1514 &nbsp; Vereinsmitglieder Zeitlhofer E+E Dvorak Andrea<\/p>\n","protected":false},"author":1,"featured_media":0,"parent":532,"menu_order":0,"comment_status":"closed","ping_status":"closed","template":"","meta":{"_mc_calendar":[]},"_links":{"self":[{"href":"http:\/\/www.fsv1864amstetten.at\/index.php?rest_route=\/wp\/v2\/pages\/553"}],"collection":[{"href":"http:\/\/www.fsv1864amstetten.at\/index.php?rest_route=\/wp\/v2\/pages"}],"about":[{"href":"http:\/\/www.fsv1864amstetten.at\/index.php?rest_route=\/wp\/v2\/types\/page"}],"author":[{"embeddable":true,"href":"http:\/\/www.fsv1864amstetten.at\/index.php?rest_route=\/wp\/v2\/users\/1"}],"replies":[{"embeddable":true,"href":"http:\/\/www.fsv1864amstetten.at\/index.php?rest_route=%2Fwp%2Fv2%2Fcomments&post=553"}],"version-history":[{"count":1,"href":"http:\/\/www.fsv1864amstetten.at\/index.php?rest_route=\/wp\/v2\/pages\/553\/revisions"}],"predecessor-version":[{"id":554,"href":"http:\/\/www.fsv1864amstetten.at\/index.php?rest_route=\/wp\/v2\/pages\/553\/revisions\/554"}],"up":[{"embeddable":true,"href":"http:\/\/www.fsv1864amstetten.at\/index.php?rest_route=\/wp\/v2\/pages\/532"}],"wp:attachment":[{"href":"http:\/\/www.fsv1864amstetten.at\/index.php?rest_route=%2Fwp%2Fv2%2Fmedia&parent=553"}],"curies":[{"name":"wp","href":"https:\/\/api.w.org\/{rel}","templated":true}]}}