{"id":540,"date":"2014-05-30T15:08:15","date_gmt":"2014-05-30T13:08:15","guid":{"rendered":"http:\/\/www.fsv1864amstetten.at\/?page_id=540"},"modified":"2014-05-30T15:08:15","modified_gmt":"2014-05-30T13:08:15","slug":"zentrales-waffenregister","status":"publish","type":"page","link":"http:\/\/www.fsv1864amstetten.at\/?page_id=540","title":{"rendered":"Zentrales Waffenregister"},"content":{"rendered":"<p>Bis sp\u00e4testens 30. Juni 2014 m\u00fcssen Waffen der Kategorie C und D im Zentralen Waffenregister eingetragen werden. Das kann entweder beim Waffenh\u00e4ndler eures Vertrauens oder online erfolgen. Zur Online-Registrierung ist eine B\u00fcrgerkarte oder eine Handysignatur erforderlich.<\/p>\n<p><a href=\"http:\/\/www.fsv1864amstetten.at\/wp-content\/uploads\/2014\/05\/ZWRB.pdf\">Leitfaden zum zentralen Waffenregister<\/a><\/p>\n<p><a href=\"https:\/\/www.help.gv.at\/Portal.Node\/hlpd\/public\/content\/245\/Seite.2450100.html\">Link zum zentralen Waffenregister<\/a><\/p>\n","protected":false},"excerpt":{"rendered":"<p>Bis sp\u00e4testens 30. Juni 2014 m\u00fcssen Waffen der Kategorie C und D im Zentralen Waffenregister eingetragen werden. Das kann entweder beim Waffenh\u00e4ndler eures Vertrauens oder online erfolgen. Zur Online-Registrierung ist eine B\u00fcrgerkarte oder eine Handysignatur erforderlich. Leitfaden zum zentralen Waffenregister Link zum zentralen Waffenregister<\/p>\n","protected":false},"author":1,"featured_media":0,"parent":532,"menu_order":0,"comment_status":"closed","ping_status":"closed","template":"","meta":{"_mc_calendar":[]},"_links":{"self":[{"href":"http:\/\/www.fsv1864amstetten.at\/index.php?rest_route=\/wp\/v2\/pages\/540"}],"collection":[{"href":"http:\/\/www.fsv1864amstetten.at\/index.php?rest_route=\/wp\/v2\/pages"}],"about":[{"href":"http:\/\/www.fsv1864amstetten.at\/index.php?rest_route=\/wp\/v2\/types\/page"}],"author":[{"embeddable":true,"href":"http:\/\/www.fsv1864amstetten.at\/index.php?rest_route=\/wp\/v2\/users\/1"}],"replies":[{"embeddable":true,"href":"http:\/\/www.fsv1864amstetten.at\/index.php?rest_route=%2Fwp%2Fv2%2Fcomments&post=540"}],"version-history":[{"count":1,"href":"http:\/\/www.fsv1864amstetten.at\/index.php?rest_route=\/wp\/v2\/pages\/540\/revisions"}],"predecessor-version":[{"id":542,"href":"http:\/\/www.fsv1864amstetten.at\/index.php?rest_route=\/wp\/v2\/pages\/540\/revisions\/542"}],"up":[{"embeddable":true,"href":"http:\/\/www.fsv1864amstetten.at\/index.php?rest_route=\/wp\/v2\/pages\/532"}],"wp:attachment":[{"href":"http:\/\/www.fsv1864amstetten.at\/index.php?rest_route=%2Fwp%2Fv2%2Fmedia&parent=540"}],"curies":[{"name":"wp","href":"https:\/\/api.w.org\/{rel}","templated":true}]}}