{"id":535,"date":"2014-05-30T14:56:36","date_gmt":"2014-05-30T12:56:36","guid":{"rendered":"http:\/\/www.fsv1864amstetten.at\/?page_id=535"},"modified":"2020-02-01T15:55:23","modified_gmt":"2020-02-01T14:55:23","slug":"formulare-gesetze","status":"publish","type":"page","link":"http:\/\/www.fsv1864amstetten.at\/?page_id=535","title":{"rendered":"Formulare &#038; Gesetze"},"content":{"rendered":"<p><a href=\"http:\/\/www.fsv1864amstetten.at\/wp-content\/uploads\/2014\/05\/Meldebest\u00e4tigung.pdf\">Meldebest\u00e4tigung<\/a><\/p>\n<p><a href=\"http:\/\/www.fsv1864amstetten.at\/wp-content\/uploads\/2014\/05\/Meldung-KaufVerkauf.pdf\">Meldung Kauf\/Verkauf einer Waffe<\/a><\/p>\n<p><a href=\"http:\/\/www.fsv1864amstetten.at\/wp-content\/uploads\/2014\/05\/Antrag-Gasdruck.pdf\">Antrag Gasdruck- und Geschwindigkeitsmessung<\/a><\/p>\n<p><a style=\"line-height: 1.7142; font-size: 1rem;\" href=\"https:\/\/www.ris.bka.gv.at\/GeltendeFassung.wxe?Abfrage=Bundesnormen&amp;Gesetzesnummer=10006016\">Waffengesetz<\/a><span style=\"line-height: 1.7142; font-size: 1rem;\"> (in der t\u00e4glich aktuell geltenden Fassung)<\/span><\/p>\n<p><a href=\"https:\/\/www.ris.bka.gv.at\/GeltendeFassung.wxe?Abfrage=Bundesnormen&amp;Gesetzesnummer=10006017\">1. Waffengesetz-Durchf\u00fchrungsverordnung<\/a><\/p>\n<p><a href=\"https:\/\/www.ris.bka.gv.at\/GeltendeFassung.wxe?Abfrage=Bundesnormen&amp;Gesetzesnummer=10006074\">2. Waffengesetz-Durchf\u00fchrungsverordnung<\/a><\/p>\n","protected":false},"excerpt":{"rendered":"<p>Meldebest\u00e4tigung Meldung Kauf\/Verkauf einer Waffe Antrag Gasdruck- und Geschwindigkeitsmessung Waffengesetz (in der t\u00e4glich aktuell geltenden Fassung) 1. Waffengesetz-Durchf\u00fchrungsverordnung 2. Waffengesetz-Durchf\u00fchrungsverordnung<\/p>\n","protected":false},"author":1,"featured_media":0,"parent":532,"menu_order":0,"comment_status":"closed","ping_status":"closed","template":"","meta":{"_mc_calendar":[]},"_links":{"self":[{"href":"http:\/\/www.fsv1864amstetten.at\/index.php?rest_route=\/wp\/v2\/pages\/535"}],"collection":[{"href":"http:\/\/www.fsv1864amstetten.at\/index.php?rest_route=\/wp\/v2\/pages"}],"about":[{"href":"http:\/\/www.fsv1864amstetten.at\/index.php?rest_route=\/wp\/v2\/types\/page"}],"author":[{"embeddable":true,"href":"http:\/\/www.fsv1864amstetten.at\/index.php?rest_route=\/wp\/v2\/users\/1"}],"replies":[{"embeddable":true,"href":"http:\/\/www.fsv1864amstetten.at\/index.php?rest_route=%2Fwp%2Fv2%2Fcomments&post=535"}],"version-history":[{"count":3,"href":"http:\/\/www.fsv1864amstetten.at\/index.php?rest_route=\/wp\/v2\/pages\/535\/revisions"}],"predecessor-version":[{"id":8367,"href":"http:\/\/www.fsv1864amstetten.at\/index.php?rest_route=\/wp\/v2\/pages\/535\/revisions\/8367"}],"up":[{"embeddable":true,"href":"http:\/\/www.fsv1864amstetten.at\/index.php?rest_route=\/wp\/v2\/pages\/532"}],"wp:attachment":[{"href":"http:\/\/www.fsv1864amstetten.at\/index.php?rest_route=%2Fwp%2Fv2%2Fmedia&parent=535"}],"curies":[{"name":"wp","href":"https:\/\/api.w.org\/{rel}","templated":true}]}}