{"id":488,"date":"2014-05-30T10:09:22","date_gmt":"2014-05-30T08:09:22","guid":{"rendered":"http:\/\/www.fsv1864amstetten.at\/?page_id=488"},"modified":"2015-01-13T15:19:08","modified_gmt":"2015-01-13T14:19:08","slug":"gebuehren","status":"publish","type":"page","link":"http:\/\/www.fsv1864amstetten.at\/?page_id=488","title":{"rendered":"Geb\u00fchren"},"content":{"rendered":"<table>\n<tbody>\n<tr>\n<td><strong>Einschreibgeb\u00fchr<\/strong><\/td>\n<td>einmalig<\/td>\n<td><strong>185 \u20ac<\/strong><\/td>\n<\/tr>\n<tr>\n<td><strong>Mitgliedsbeitrag<\/strong><\/td>\n<td>j\u00e4hrlich Hauptmitglied<\/td>\n<td><strong>110 \u20ac<\/strong><\/td>\n<\/tr>\n<tr>\n<td><strong>Anschlu\u00dfmitglied<\/strong><\/td>\n<td>j\u00e4hrlich<\/td>\n<td><strong>60 \u20ac<\/strong><\/td>\n<\/tr>\n<tr>\n<td><strong>Unterst\u00fctzendes Mitglied<\/strong><\/td>\n<td>j\u00e4hrlich<\/td>\n<td><strong>40 \u20ac<\/strong><\/td>\n<\/tr>\n<tr>\n<td><strong>Standgeb\u00fchr<\/strong><\/td>\n<td>f\u00fcr unterst\u00fctzende Mitglieder (pro Schie\u00dftag)<\/td>\n<td><strong>10 \u20ac<\/strong><\/td>\n<\/tr>\n<tr>\n<td><strong>Gastsch\u00fctzen<\/strong><\/td>\n<td>Standgeb\u00fchr pro Schie\u00dftag<\/td>\n<td><strong>15 \u20ac<\/strong><\/td>\n<\/tr>\n<\/tbody>\n<\/table>\n","protected":false},"excerpt":{"rendered":"<p>Einschreibgeb\u00fchr einmalig 185 \u20ac Mitgliedsbeitrag j\u00e4hrlich Hauptmitglied 110 \u20ac Anschlu\u00dfmitglied j\u00e4hrlich 60 \u20ac Unterst\u00fctzendes Mitglied j\u00e4hrlich 40 \u20ac Standgeb\u00fchr f\u00fcr unterst\u00fctzende Mitglieder (pro Schie\u00dftag) 10 \u20ac Gastsch\u00fctzen Standgeb\u00fchr pro Schie\u00dftag 15 \u20ac<\/p>\n","protected":false},"author":1,"featured_media":0,"parent":89,"menu_order":0,"comment_status":"closed","ping_status":"closed","template":"","meta":{"_mc_calendar":[]},"_links":{"self":[{"href":"http:\/\/www.fsv1864amstetten.at\/index.php?rest_route=\/wp\/v2\/pages\/488"}],"collection":[{"href":"http:\/\/www.fsv1864amstetten.at\/index.php?rest_route=\/wp\/v2\/pages"}],"about":[{"href":"http:\/\/www.fsv1864amstetten.at\/index.php?rest_route=\/wp\/v2\/types\/page"}],"author":[{"embeddable":true,"href":"http:\/\/www.fsv1864amstetten.at\/index.php?rest_route=\/wp\/v2\/users\/1"}],"replies":[{"embeddable":true,"href":"http:\/\/www.fsv1864amstetten.at\/index.php?rest_route=%2Fwp%2Fv2%2Fcomments&post=488"}],"version-history":[{"count":6,"href":"http:\/\/www.fsv1864amstetten.at\/index.php?rest_route=\/wp\/v2\/pages\/488\/revisions"}],"predecessor-version":[{"id":6153,"href":"http:\/\/www.fsv1864amstetten.at\/index.php?rest_route=\/wp\/v2\/pages\/488\/revisions\/6153"}],"up":[{"embeddable":true,"href":"http:\/\/www.fsv1864amstetten.at\/index.php?rest_route=\/wp\/v2\/pages\/89"}],"wp:attachment":[{"href":"http:\/\/www.fsv1864amstetten.at\/index.php?rest_route=%2Fwp%2Fv2%2Fmedia&parent=488"}],"curies":[{"name":"wp","href":"https:\/\/api.w.org\/{rel}","templated":true}]}}