{"id":45,"date":"2014-05-27T11:35:49","date_gmt":"2014-05-27T09:35:49","guid":{"rendered":"http:\/\/www.fsv1864amstetten.at\/?page_id=45"},"modified":"2026-02-10T18:50:35","modified_gmt":"2026-02-10T17:50:35","slug":"ausschreibungen","status":"publish","type":"page","link":"http:\/\/www.fsv1864amstetten.at\/?page_id=45","title":{"rendered":"Ausschreibungen"},"content":{"rendered":"<p><strong>Allgemein<\/strong><\/p>\n<p><a href=\"http:\/\/www.fsv1864amstetten.at\/wp-content\/uploads\/2026\/01\/Reinigungstagtag-28.-Maerz-2026.pdf\">Reinigungstagtag M\u00e4rz 2026<\/a><\/p>\n<p><strong>SGK<\/strong><\/p>\n<p><a href=\"http:\/\/www.fsv1864amstetten.at\/wp-content\/uploads\/2026\/01\/Ausschreibung-Kegelschiessen-Fruehjahr-2026.pdf\">Kegelschie\u00dfen 2026<\/a><\/p>\n<p><a href=\"http:\/\/www.fsv1864amstetten.at\/wp-content\/uploads\/2026\/01\/Ausschreibung-Grosskaliber-Cup-2026.pdf\">Gro\u00dfkaliber 2026<\/a><\/p>\n<p><a href=\"http:\/\/www.fsv1864amstetten.at\/wp-content\/uploads\/2026\/01\/Ausschreibung-Extrabewerb-2026.pdf\">Extra Bewerb 2026<\/a><\/p>\n<p><strong>IPSC<\/strong><\/p>\n<p>Cup-Runden bzw. VM siehe Kalender<\/p>\n<p><strong>CAS<\/strong><\/p>\n<p>\u00a0<\/p>\n<p><strong>ISSF<\/strong><\/p>\n<p><a href=\"http:\/\/www.fsv1864amstetten.at\/wp-content\/uploads\/2026\/01\/Ausschreibung-Brandl-Cup-2026.pdf\">Brandl 2026<\/a><\/p>\n<p>\u00a0<\/p>\n\n\n<p><\/p>\n","protected":false},"excerpt":{"rendered":"<p>Allgemein Reinigungstagtag M\u00e4rz 2026 SGK Kegelschie\u00dfen 2026 Gro\u00dfkaliber 2026 Extra Bewerb 2026 IPSC Cup-Runden bzw. VM siehe Kalender CAS \u00a0 ISSF Brandl 2026 \u00a0<\/p>\n","protected":false},"author":1,"featured_media":0,"parent":47,"menu_order":0,"comment_status":"closed","ping_status":"closed","template":"","meta":{"_mc_calendar":[]},"_links":{"self":[{"href":"http:\/\/www.fsv1864amstetten.at\/index.php?rest_route=\/wp\/v2\/pages\/45"}],"collection":[{"href":"http:\/\/www.fsv1864amstetten.at\/index.php?rest_route=\/wp\/v2\/pages"}],"about":[{"href":"http:\/\/www.fsv1864amstetten.at\/index.php?rest_route=\/wp\/v2\/types\/page"}],"author":[{"embeddable":true,"href":"http:\/\/www.fsv1864amstetten.at\/index.php?rest_route=\/wp\/v2\/users\/1"}],"replies":[{"embeddable":true,"href":"http:\/\/www.fsv1864amstetten.at\/index.php?rest_route=%2Fwp%2Fv2%2Fcomments&post=45"}],"version-history":[{"count":151,"href":"http:\/\/www.fsv1864amstetten.at\/index.php?rest_route=\/wp\/v2\/pages\/45\/revisions"}],"predecessor-version":[{"id":9456,"href":"http:\/\/www.fsv1864amstetten.at\/index.php?rest_route=\/wp\/v2\/pages\/45\/revisions\/9456"}],"up":[{"embeddable":true,"href":"http:\/\/www.fsv1864amstetten.at\/index.php?rest_route=\/wp\/v2\/pages\/47"}],"wp:attachment":[{"href":"http:\/\/www.fsv1864amstetten.at\/index.php?rest_route=%2Fwp%2Fv2%2Fmedia&parent=45"}],"curies":[{"name":"wp","href":"https:\/\/api.w.org\/{rel}","templated":true}]}}