{"id":43,"date":"2014-05-27T11:35:38","date_gmt":"2014-05-27T09:35:38","guid":{"rendered":"http:\/\/www.fsv1864amstetten.at\/?page_id=43"},"modified":"2026-04-11T20:03:03","modified_gmt":"2026-04-11T18:03:03","slug":"ergebnisse","status":"publish","type":"page","link":"http:\/\/www.fsv1864amstetten.at\/?page_id=43","title":{"rendered":"Ergebnisse"},"content":{"rendered":"<p><a href=\"http:\/\/www.fsv1864amstetten.at\/wp-content\/uploads\/2018\/05\/Information-\u00fcber-Sportergebnismanagement.pdf\">Information \u00fcber Sportergebnismanagement<\/a><\/p>\n<p><strong>SGKP<\/strong><\/p>\n<p><a href=\"http:\/\/www.fsv1864amstetten.at\/wp-content\/uploads\/2026\/02\/Kegelschiessen-2026.pdf\">Kegelschie\u00dfen 2026<\/a><\/p>\n<p><a href=\"http:\/\/www.fsv1864amstetten.at\/wp-content\/uploads\/2026\/03\/Extrabewerb-2026-1.Runde_.pdf\">Extrabewerb 2026 1. Runde<\/a><\/p>\n<p><a href=\"http:\/\/www.fsv1864amstetten.at\/wp-content\/uploads\/2026\/03\/Grosskaliber-Cup-1-4-2026.pdf\">Gro\u00dfkaliber Cup 2026 <\/a><\/p>\n<p><a href=\"http:\/\/www.fsv1864amstetten.at\/wp-content\/uploads\/2026\/04\/Brandl-Cup-2026-1.pdf\">Brandl Cup 2026<\/a><\/p>\n<p><strong>CAS<\/strong><\/p>\n<p><strong>IPSC<\/strong><\/p>\n<p><a href=\"http:\/\/www.fsv1864amstetten.at\/wp-content\/uploads\/2026\/02\/IPSC-Cup-Runde-1-2026.pdf\">IPSC Cup Runde 1 2026<\/a><\/p>\n<p><strong>ISSF<\/strong><\/p>\n<p><strong>Archiv<\/strong><\/p>\n<p>Alte Ergebnisse CAS finden Sie <a href=\"http:\/\/www.fsv1864amstetten.at\/?page_id=560\">hier<\/a><\/p>\n<p>Alte Ergebnisse IPSC finden Sie <a href=\"http:\/\/www.fsv1864amstetten.at\/?page_id=688\">hier<\/a><\/p>\n<p>Alte Ergebnisse SGKP finden Sie <a href=\"http:\/\/www.fsv1864amstetten.at\/?page_id=694\">hier<\/a><\/p>\n<p>Alte Ergebnisse ISSF finden Sie <a href=\"http:\/\/www.fsv1864amstetten.at\/?page_id=699\">hier<\/a><\/p>\n","protected":false},"excerpt":{"rendered":"<p>Information \u00fcber Sportergebnismanagement SGKP Kegelschie\u00dfen 2026 Extrabewerb 2026 1. Runde Gro\u00dfkaliber Cup 2026 Brandl Cup 2026 CAS IPSC IPSC Cup Runde 1 2026 ISSF Archiv Alte Ergebnisse CAS finden Sie hier Alte Ergebnisse IPSC finden Sie hier Alte Ergebnisse SGKP finden Sie hier Alte Ergebnisse ISSF finden Sie hier<\/p>\n","protected":false},"author":1,"featured_media":0,"parent":47,"menu_order":0,"comment_status":"closed","ping_status":"closed","template":"","meta":{"_mc_calendar":[]},"_links":{"self":[{"href":"http:\/\/www.fsv1864amstetten.at\/index.php?rest_route=\/wp\/v2\/pages\/43"}],"collection":[{"href":"http:\/\/www.fsv1864amstetten.at\/index.php?rest_route=\/wp\/v2\/pages"}],"about":[{"href":"http:\/\/www.fsv1864amstetten.at\/index.php?rest_route=\/wp\/v2\/types\/page"}],"author":[{"embeddable":true,"href":"http:\/\/www.fsv1864amstetten.at\/index.php?rest_route=\/wp\/v2\/users\/1"}],"replies":[{"embeddable":true,"href":"http:\/\/www.fsv1864amstetten.at\/index.php?rest_route=%2Fwp%2Fv2%2Fcomments&post=43"}],"version-history":[{"count":353,"href":"http:\/\/www.fsv1864amstetten.at\/index.php?rest_route=\/wp\/v2\/pages\/43\/revisions"}],"predecessor-version":[{"id":9509,"href":"http:\/\/www.fsv1864amstetten.at\/index.php?rest_route=\/wp\/v2\/pages\/43\/revisions\/9509"}],"up":[{"embeddable":true,"href":"http:\/\/www.fsv1864amstetten.at\/index.php?rest_route=\/wp\/v2\/pages\/47"}],"wp:attachment":[{"href":"http:\/\/www.fsv1864amstetten.at\/index.php?rest_route=%2Fwp%2Fv2%2Fmedia&parent=43"}],"curies":[{"name":"wp","href":"https:\/\/api.w.org\/{rel}","templated":true}]}}