{"id":4,"date":"2014-05-27T10:52:39","date_gmt":"2014-05-27T08:52:39","guid":{"rendered":"http:\/\/www.fsv1864amstetten.at\/?page_id=4"},"modified":"2026-03-09T02:19:17","modified_gmt":"2026-03-09T01:19:17","slug":"schutzenrat","status":"publish","type":"page","link":"http:\/\/www.fsv1864amstetten.at\/?page_id=4","title":{"rendered":"Sch\u00fctzenrat"},"content":{"rendered":"\n<div class=\"is-layout-flex wp-container-7 wp-block-columns are-vertically-aligned-top\">\n<div class=\"is-layout-flow wp-block-column is-vertically-aligned-top\" style=\"flex-basis:100%\">\n<div class=\"is-layout-constrained wp-block-group\"><div class=\"wp-block-group__inner-container\">\n<div class=\"is-layout-constrained wp-block-group\"><div class=\"wp-block-group__inner-container\">\n<div class=\"is-layout-flex wp-container-3 wp-block-columns\">\n<div class=\"is-layout-flow wp-block-column\" style=\"flex-basis:100%\">\n<div class=\"is-layout-constrained wp-block-group\"><div class=\"wp-block-group__inner-container\">\n<figure class=\"wp-block-table is-style-regular\"><table><tbody><tr><td class=\"has-text-align-center\" data-align=\"center\"><a href=\"http:\/\/www.fsv1864amstetten.at\/wp-content\/uploads\/2014\/05\/schuetzenrat-016.jpg\"><img decoding=\"async\" loading=\"lazy\" class=\"alignnone wp-image-3273\" src=\"http:\/\/www.fsv1864amstetten.at\/wp-content\/uploads\/2014\/05\/schuetzenrat-016.jpg\" alt=\"schuetzenrat 016\" width=\"300\" height=\"200\" data-id=\"3273\" srcset=\"http:\/\/www.fsv1864amstetten.at\/wp-content\/uploads\/2014\/05\/schuetzenrat-016.jpg 1024w, http:\/\/www.fsv1864amstetten.at\/wp-content\/uploads\/2014\/05\/schuetzenrat-016-300x199.jpg 300w, http:\/\/www.fsv1864amstetten.at\/wp-content\/uploads\/2014\/05\/schuetzenrat-016-624x415.jpg 624w\" sizes=\"(max-width: 300px) 100vw, 300px\" \/><\/a><br><strong>Obersch\u00fctzenmeister<\/strong><br><strong>Mag. Alexander&nbsp;Eisl<\/strong><\/td><\/tr><tr><td class=\"has-text-align-center\" data-align=\"center\"><strong><img decoding=\"async\" loading=\"lazy\" width=\"111\" height=\"200\" src=\"http:\/\/www.fsv1864amstetten.at\/wp-content\/uploads\/2022\/08\/manuel_schreib.jpg\" alt=\"\"><\/strong><br><strong>Sch\u00fctzenmeister SGKP und ISSF<br>Manuel Schreib<\/strong><\/td><\/tr><tr><td class=\"has-text-align-center\" data-align=\"center\"><img decoding=\"async\" loading=\"lazy\" width=\"300\" height=\"225\" class=\"alignnone size-medium wp-image-8906 found-media\" src=\"http:\/\/www.fsv1864amstetten.at\/wp-content\/uploads\/2023\/01\/christoph-mayrhofer-1-300x225.jpg\" alt=\"\" style=\"width: 300px;\" srcset=\"http:\/\/www.fsv1864amstetten.at\/wp-content\/uploads\/2023\/01\/christoph-mayrhofer-1-300x225.jpg 300w, http:\/\/www.fsv1864amstetten.at\/wp-content\/uploads\/2023\/01\/christoph-mayrhofer-1-768x576.jpg 768w, http:\/\/www.fsv1864amstetten.at\/wp-content\/uploads\/2023\/01\/christoph-mayrhofer-1-624x468.jpg 624w, http:\/\/www.fsv1864amstetten.at\/wp-content\/uploads\/2023\/01\/christoph-mayrhofer-1.jpg 900w\" sizes=\"(max-width: 300px) 100vw, 300px\" \/> <p><strong>Sch\u00fctzenmeister IPSC<br>Christoph Mayrhofer<br><\/strong><\/p> <\/td><\/tr><tr><td class=\"has-text-align-center\" data-align=\"center\"><img decoding=\"async\" loading=\"lazy\" width=\"281\" height=\"197\" src=\"http:\/\/www.fsv1864amstetten.at\/wp-content\/uploads\/2020\/02\/G\u00fcnther-quer-300x210.jpg\" alt=\"\"><strong><br>Sch\u00fctzenmeister CAS<\/strong><br><strong>G\u00fcnther Ramharter<\/strong><\/td><\/tr><tr><td class=\"has-text-align-center\" data-align=\"center\"><strong><a href=\"http:\/\/www.fsv1864amstetten.at\/wp-content\/uploads\/2014\/05\/schuetzenrat-014.jpg\"><img decoding=\"async\" loading=\"lazy\" class=\"alignnone wp-image-3276\" src=\"http:\/\/www.fsv1864amstetten.at\/wp-content\/uploads\/2014\/05\/schuetzenrat-014.jpg\" alt=\"schuetzenrat 014\" width=\"300\" height=\"200\" data-id=\"3276\" srcset=\"http:\/\/www.fsv1864amstetten.at\/wp-content\/uploads\/2014\/05\/schuetzenrat-014.jpg 1024w, http:\/\/www.fsv1864amstetten.at\/wp-content\/uploads\/2014\/05\/schuetzenrat-014-300x199.jpg 300w, http:\/\/www.fsv1864amstetten.at\/wp-content\/uploads\/2014\/05\/schuetzenrat-014-624x415.jpg 624w\" sizes=\"(max-width: 300px) 100vw, 300px\" \/><\/a><\/strong><br><strong>Kassierin<\/strong><br><strong>Ulrike Stummer<\/strong><\/td><\/tr><tr><td class=\"has-text-align-center\" data-align=\"center\"><br><img decoding=\"async\" class=\"wp-image-9484\" style=\"width: 180px;\" src=\"http:\/\/www.fsv1864amstetten.at\/wp-content\/uploads\/2026\/03\/Richard_Vlaschitz.jpg\" alt=\"\"><br><strong>Schriftf\u00fchrer<br>Richard Vlaschitz<\/strong><\/td><\/tr><tr><td class=\"has-text-align-center\" data-align=\"center\"><strong><img decoding=\"async\" loading=\"lazy\" class=\"alignnone size-medium wp-image-6890\" src=\"http:\/\/www.fsv1864amstetten.at\/wp-content\/uploads\/2014\/05\/DSC_0728-300x199.jpg\" alt=\"\" width=\"300\" height=\"199\" data-id=\"6890\" srcset=\"http:\/\/www.fsv1864amstetten.at\/wp-content\/uploads\/2014\/05\/DSC_0728-300x199.jpg 300w, http:\/\/www.fsv1864amstetten.at\/wp-content\/uploads\/2014\/05\/DSC_0728-768x509.jpg 768w, http:\/\/www.fsv1864amstetten.at\/wp-content\/uploads\/2014\/05\/DSC_0728-624x413.jpg 624w, http:\/\/www.fsv1864amstetten.at\/wp-content\/uploads\/2014\/05\/DSC_0728.jpg 900w\" sizes=\"(max-width: 300px) 100vw, 300px\" \/><\/strong><br><strong>Schie\u00dfleiter<\/strong><br><strong>Gerald Leherbauer<\/strong><\/td><\/tr><tr><td class=\"has-text-align-center\" data-align=\"center\"><strong><img decoding=\"async\" loading=\"lazy\" width=\"299\" height=\"198\" src=\"http:\/\/www.fsv1864amstetten.at\/wp-content\/uploads\/2014\/05\/DSC_0691.jpg\" alt=\"\"><br>Schie\u00dfleiter-Stellvertreter<br>Markus Gr\u00f6bl<\/strong><\/td><\/tr><tr><td class=\"has-text-align-center\" data-align=\"center\"><img decoding=\"async\" loading=\"lazy\" width=\"900\" height=\"596\" class=\"wp-image-6876\" style=\"width: 300px;\" src=\"http:\/\/www.fsv1864amstetten.at\/wp-content\/uploads\/2014\/05\/DSC_0697.jpg\" alt=\"\" srcset=\"http:\/\/www.fsv1864amstetten.at\/wp-content\/uploads\/2014\/05\/DSC_0697.jpg 900w, http:\/\/www.fsv1864amstetten.at\/wp-content\/uploads\/2014\/05\/DSC_0697-300x199.jpg 300w, http:\/\/www.fsv1864amstetten.at\/wp-content\/uploads\/2014\/05\/DSC_0697-768x509.jpg 768w, http:\/\/www.fsv1864amstetten.at\/wp-content\/uploads\/2014\/05\/DSC_0697-624x413.jpg 624w\" sizes=\"(max-width: 900px) 100vw, 900px\" \/><br><strong>Sch\u00fctzenrat<br>Ing. Hermann Kirchweger<\/strong><\/td><\/tr><tr><td class=\"has-text-align-center\" data-align=\"center\"><a href=\"http:\/\/www.fsv1864amstetten.at\/wp-content\/uploads\/2014\/05\/schuetzenrat-019.jpg\"><img decoding=\"async\" loading=\"lazy\" class=\"alignnone wp-image-3281\" src=\"http:\/\/www.fsv1864amstetten.at\/wp-content\/uploads\/2014\/05\/schuetzenrat-019.jpg\" alt=\"schuetzenrat 019\" width=\"300\" height=\"200\" data-id=\"3281\" srcset=\"http:\/\/www.fsv1864amstetten.at\/wp-content\/uploads\/2014\/05\/schuetzenrat-019.jpg 1024w, http:\/\/www.fsv1864amstetten.at\/wp-content\/uploads\/2014\/05\/schuetzenrat-019-300x199.jpg 300w, http:\/\/www.fsv1864amstetten.at\/wp-content\/uploads\/2014\/05\/schuetzenrat-019-624x414.jpg 624w\" sizes=\"(max-width: 300px) 100vw, 300px\" \/><\/a><br><strong>Sch\u00fctzenrat<\/strong><br><strong>Walter Sternbauer<\/strong><\/td><\/tr><\/tbody><\/table><\/figure>\n<\/div><\/div>\n<\/div>\n<\/div>\n<\/div><\/div>\n<\/div><\/div>\n<\/div>\n<\/div>\n","protected":false},"excerpt":{"rendered":"<p>Obersch\u00fctzenmeisterMag. Alexander&nbsp;Eisl Sch\u00fctzenmeister SGKP und ISSFManuel Schreib Sch\u00fctzenmeister IPSCChristoph Mayrhofer Sch\u00fctzenmeister CASG\u00fcnther Ramharter KassierinUlrike Stummer Schriftf\u00fchrerRichard Vlaschitz Schie\u00dfleiterGerald Leherbauer Schie\u00dfleiter-StellvertreterMarkus Gr\u00f6bl Sch\u00fctzenratIng. Hermann Kirchweger Sch\u00fctzenratWalter Sternbauer<\/p>\n","protected":false},"author":1,"featured_media":0,"parent":89,"menu_order":0,"comment_status":"closed","ping_status":"closed","template":"","meta":{"_mc_calendar":[]},"_links":{"self":[{"href":"http:\/\/www.fsv1864amstetten.at\/index.php?rest_route=\/wp\/v2\/pages\/4"}],"collection":[{"href":"http:\/\/www.fsv1864amstetten.at\/index.php?rest_route=\/wp\/v2\/pages"}],"about":[{"href":"http:\/\/www.fsv1864amstetten.at\/index.php?rest_route=\/wp\/v2\/types\/page"}],"author":[{"embeddable":true,"href":"http:\/\/www.fsv1864amstetten.at\/index.php?rest_route=\/wp\/v2\/users\/1"}],"replies":[{"embeddable":true,"href":"http:\/\/www.fsv1864amstetten.at\/index.php?rest_route=%2Fwp%2Fv2%2Fcomments&post=4"}],"version-history":[{"count":56,"href":"http:\/\/www.fsv1864amstetten.at\/index.php?rest_route=\/wp\/v2\/pages\/4\/revisions"}],"predecessor-version":[{"id":9490,"href":"http:\/\/www.fsv1864amstetten.at\/index.php?rest_route=\/wp\/v2\/pages\/4\/revisions\/9490"}],"up":[{"embeddable":true,"href":"http:\/\/www.fsv1864amstetten.at\/index.php?rest_route=\/wp\/v2\/pages\/89"}],"wp:attachment":[{"href":"http:\/\/www.fsv1864amstetten.at\/index.php?rest_route=%2Fwp%2Fv2%2Fmedia&parent=4"}],"curies":[{"name":"wp","href":"https:\/\/api.w.org\/{rel}","templated":true}]}}