{"id":37,"date":"2014-05-27T11:32:33","date_gmt":"2014-05-27T09:32:33","guid":{"rendered":"http:\/\/www.fsv1864amstetten.at\/?page_id=37"},"modified":"2017-05-27T18:36:54","modified_gmt":"2017-05-27T16:36:54","slug":"impressum","status":"publish","type":"page","link":"http:\/\/www.fsv1864amstetten.at\/?page_id=37","title":{"rendered":"Impressum"},"content":{"rendered":"<p>Information gem\u00e4\u00df \u00a75 E-Commerce Gesetz<\/p>\n<p>FSV 1864 Amstetten e.V.<br \/>\nS\u00fcdlandstra\u00dfe 6<br \/>\nA-3362 Mauer<\/p>\n<p>Obmann Mag. Alexander Eisl, Ardaggerstr. 14, 3300 Amstetten<\/p>\n<p>07472\/68540<\/p>\n<p>Haftungshinweis:<br \/>\nTrotz sorgf\u00e4ltiger inhaltlicher Kontrolle \u00fcbernehmen wir keine Haftung f\u00fcr die Inhalte externer Links. F\u00fcr den Inhalt der verlinkten Seiten sind ausschlie\u00dflich deren Betreiber verantwortlich.<\/p>\n","protected":false},"excerpt":{"rendered":"<p>Information gem\u00e4\u00df \u00a75 E-Commerce Gesetz FSV 1864 Amstetten e.V. S\u00fcdlandstra\u00dfe 6 A-3362 Mauer Obmann Mag. Alexander Eisl, Ardaggerstr. 14, 3300 Amstetten 07472\/68540 Haftungshinweis: Trotz sorgf\u00e4ltiger inhaltlicher Kontrolle \u00fcbernehmen wir keine Haftung f\u00fcr die Inhalte externer Links. F\u00fcr den Inhalt der verlinkten Seiten sind ausschlie\u00dflich deren Betreiber verantwortlich.<\/p>\n","protected":false},"author":1,"featured_media":0,"parent":39,"menu_order":0,"comment_status":"closed","ping_status":"closed","template":"","meta":{"_mc_calendar":[]},"_links":{"self":[{"href":"http:\/\/www.fsv1864amstetten.at\/index.php?rest_route=\/wp\/v2\/pages\/37"}],"collection":[{"href":"http:\/\/www.fsv1864amstetten.at\/index.php?rest_route=\/wp\/v2\/pages"}],"about":[{"href":"http:\/\/www.fsv1864amstetten.at\/index.php?rest_route=\/wp\/v2\/types\/page"}],"author":[{"embeddable":true,"href":"http:\/\/www.fsv1864amstetten.at\/index.php?rest_route=\/wp\/v2\/users\/1"}],"replies":[{"embeddable":true,"href":"http:\/\/www.fsv1864amstetten.at\/index.php?rest_route=%2Fwp%2Fv2%2Fcomments&post=37"}],"version-history":[{"count":3,"href":"http:\/\/www.fsv1864amstetten.at\/index.php?rest_route=\/wp\/v2\/pages\/37\/revisions"}],"predecessor-version":[{"id":7160,"href":"http:\/\/www.fsv1864amstetten.at\/index.php?rest_route=\/wp\/v2\/pages\/37\/revisions\/7160"}],"up":[{"embeddable":true,"href":"http:\/\/www.fsv1864amstetten.at\/index.php?rest_route=\/wp\/v2\/pages\/39"}],"wp:attachment":[{"href":"http:\/\/www.fsv1864amstetten.at\/index.php?rest_route=%2Fwp%2Fv2%2Fmedia&parent=37"}],"curies":[{"name":"wp","href":"https:\/\/api.w.org\/{rel}","templated":true}]}}