{"id":343,"date":"2014-05-28T12:14:53","date_gmt":"2014-05-28T10:14:53","guid":{"rendered":"http:\/\/www.fsv1864amstetten.at\/?page_id=343"},"modified":"2015-11-17T22:23:08","modified_gmt":"2015-11-17T21:23:08","slug":"weitere-nationale-erfolge","status":"publish","type":"page","link":"http:\/\/www.fsv1864amstetten.at\/?page_id=343","title":{"rendered":"weitere nationale Erfolge"},"content":{"rendered":"<p><strong>\u00d6sterreichische Staatsmeisterschaft IPSC 2013<\/strong><\/p>\n<table>\n<tbody>\n<tr>\n<td>Dietmar Rauscher<\/td>\n<td>1. Platz<\/td>\n<td>Classic Allgemein<\/td>\n<\/tr>\n<tr>\n<td><\/td>\n<td>2. Platz<\/td>\n<td>Production Team<\/td>\n<\/tr>\n<tr>\n<td>Leo Strohmayer<\/td>\n<td>3. Platz<\/td>\n<td>Open Senioren<\/td>\n<\/tr>\n<tr>\n<td>\u00a0Hermann Kirchweger<\/td>\n<td>2. Platz<\/td>\n<td>Revolver Allgemein<\/td>\n<\/tr>\n<tr>\n<td><\/td>\n<td>1. Platz<\/td>\n<td>Revolver Team<\/td>\n<\/tr>\n<tr>\n<td><\/td>\n<td>3. Platz<\/td>\n<td>Standard Allgemein<\/td>\n<\/tr>\n<tr>\n<td>\u00a0Kirchweger \/ Rauscher<\/td>\n<td>2. Platz<\/td>\n<td>Standard Team<\/td>\n<\/tr>\n<\/tbody>\n<\/table>\n<p>&nbsp;<\/p>\n<p><strong>\u00d6sterreichische Staatsmeisterschaft SGKP 2013<\/strong><\/p>\n<table>\n<tbody>\n<tr>\n<td>Leo Strohmayer<\/td>\n<td>2. Platz<\/td>\n<td>M\u00e4nner<\/td>\n<\/tr>\n<tr>\n<td><\/td>\n<td>1. Platz<\/td>\n<td>M\u00e4nner Team<\/td>\n<\/tr>\n<tr>\n<td>Andrea Dvorak<\/td>\n<td>1. Platz<\/td>\n<td>Frauen Team<\/td>\n<\/tr>\n<\/tbody>\n<\/table>\n<p>&nbsp;<\/p>\n<p><strong>Offene \u00d6sterreichische Meisterschaft CAS 2013<\/strong><\/p>\n<table>\n<tbody>\n<tr>\n<td>Dagmar Weissensteiner<\/td>\n<td>2. Platz<\/td>\n<td>Traditional Ladies<\/td>\n<\/tr>\n<tr>\n<td>\u00a0Werner Weissensteiner<\/td>\n<td>3. Platz<\/td>\n<td>Traditional<\/td>\n<\/tr>\n<tr>\n<td>Anton Reiter<\/td>\n<td>2. Platz<\/td>\n<td>Little Traditional<\/td>\n<\/tr>\n<tr>\n<td>Franz Hameseder<\/td>\n<td>2. Platz<\/td>\n<td>Little Traditional 49er<\/td>\n<\/tr>\n<tr>\n<td>Rudolf Huemer<\/td>\n<td>1. Platz<\/td>\n<td>Traditional Silver Seniors<\/td>\n<\/tr>\n<tr>\n<td>Peter Lack<\/td>\n<td>2. Platz<\/td>\n<td>Traditional Silver Seniors<\/td>\n<\/tr>\n<\/tbody>\n<\/table>\n<p>&nbsp;<\/p>\n<p><strong>\u00d6sterreichische Staatsmeisterschaft IPSC 2012<\/strong><\/p>\n<table>\n<tbody>\n<tr>\n<td>Hermann Kirchweger<\/td>\n<td>1. Platz<\/td>\n<td>Revolver Senioren<\/td>\n<\/tr>\n<tr>\n<td><\/td>\n<td>1. Platz<\/td>\n<td>Revolver Senioren Team<\/td>\n<\/tr>\n<tr>\n<td><\/td>\n<td>3. Platz<\/td>\n<td>Standard Senioren<\/td>\n<\/tr>\n<tr>\n<td>Leo Strohmayer<\/td>\n<td>1. Platz<\/td>\n<td>Standard Senioren<\/td>\n<\/tr>\n<tr>\n<td><\/td>\n<td>2. Platz<\/td>\n<td>Open Senioren<\/td>\n<\/tr>\n<tr>\n<td>Rauscher \/ Eisl<\/td>\n<td>3. Platz<\/td>\n<td>Standard Team<\/td>\n<\/tr>\n<tr>\n<td>Kirchweger \/ Strohmayer<\/td>\n<td>1. Platz<\/td>\n<td>Standard Senioren Team<\/td>\n<\/tr>\n<tr>\n<td>Kirchweger \/ Strohmayer<\/td>\n<td>3. Platz<\/td>\n<td>Open Senioren Team<\/td>\n<\/tr>\n<\/tbody>\n<\/table>\n<p>&nbsp;<\/p>\n<p><strong>\u00d6sterreichische Meisterschaft GK 2012<\/strong><\/p>\n<table>\n<tbody>\n<tr>\n<td>Leo Strohmayer<\/td>\n<td>1. Platz<\/td>\n<td>Herren Mannschaft<\/td>\n<\/tr>\n<tr>\n<td>Andrea Dvorak<\/td>\n<td>1. Platz<\/td>\n<td>Frauen Mannschaft<\/td>\n<\/tr>\n<\/tbody>\n<\/table>\n","protected":false},"excerpt":{"rendered":"<p>\u00d6sterreichische Staatsmeisterschaft IPSC 2013 Dietmar Rauscher 1. Platz Classic Allgemein 2. Platz Production Team Leo Strohmayer 3. Platz Open Senioren \u00a0Hermann Kirchweger 2. Platz Revolver Allgemein 1. Platz Revolver Team 3. Platz Standard Allgemein \u00a0Kirchweger \/ Rauscher 2. Platz Standard Team &nbsp; \u00d6sterreichische Staatsmeisterschaft SGKP 2013 Leo Strohmayer 2. Platz M\u00e4nner 1. Platz M\u00e4nner Team [&hellip;]<\/p>\n","protected":false},"author":1,"featured_media":0,"parent":223,"menu_order":0,"comment_status":"closed","ping_status":"closed","template":"","meta":{"_mc_calendar":[]},"_links":{"self":[{"href":"http:\/\/www.fsv1864amstetten.at\/index.php?rest_route=\/wp\/v2\/pages\/343"}],"collection":[{"href":"http:\/\/www.fsv1864amstetten.at\/index.php?rest_route=\/wp\/v2\/pages"}],"about":[{"href":"http:\/\/www.fsv1864amstetten.at\/index.php?rest_route=\/wp\/v2\/types\/page"}],"author":[{"embeddable":true,"href":"http:\/\/www.fsv1864amstetten.at\/index.php?rest_route=\/wp\/v2\/users\/1"}],"replies":[{"embeddable":true,"href":"http:\/\/www.fsv1864amstetten.at\/index.php?rest_route=%2Fwp%2Fv2%2Fcomments&post=343"}],"version-history":[{"count":8,"href":"http:\/\/www.fsv1864amstetten.at\/index.php?rest_route=\/wp\/v2\/pages\/343\/revisions"}],"predecessor-version":[{"id":6293,"href":"http:\/\/www.fsv1864amstetten.at\/index.php?rest_route=\/wp\/v2\/pages\/343\/revisions\/6293"}],"up":[{"embeddable":true,"href":"http:\/\/www.fsv1864amstetten.at\/index.php?rest_route=\/wp\/v2\/pages\/223"}],"wp:attachment":[{"href":"http:\/\/www.fsv1864amstetten.at\/index.php?rest_route=%2Fwp%2Fv2%2Fmedia&parent=343"}],"curies":[{"name":"wp","href":"https:\/\/api.w.org\/{rel}","templated":true}]}}